{"id":266,"date":"2021-07-29T15:15:05","date_gmt":"2021-07-29T11:45:05","guid":{"rendered":"http:\/\/jatlas.com.tr\/atlas\/"},"modified":"2023-03-10T11:28:37","modified_gmt":"2023-03-10T08:28:37","slug":"atlas","status":"publish","type":"page","link":"https:\/\/jatlas.com.tr\/tr\/","title":{"rendered":"Ana sayfa"},"content":{"rendered":"<div class=\"gb-container gb-container-8000698b\"><div class=\"gb-inside-container\">\n\n<h2 class=\"gb-headline gb-headline-edde747c\"><span class=\"gb-icon\">\n              <svg xmlns=\"http:\/\/www.w3.org\/2000\/svg\" viewBox=\"0 0 60 4.688\">\n                <path d=\"M57.656 0H2.344a2.343 2.343 0 100 4.688h55.312a2.344 2.344 0 000-4.688z\">\n                <\/path>\n              <\/svg>\n            <\/span><span class=\"gb-headline-text\">Son G\u00f6nderiler<\/span><\/h2>\n\n\n<div class=\"latsection\">\r\n  \r\n<div class=\"echcol\">\r\n<a class=\"linkbox\" href=\"https:\/\/jatlas.com.tr\/tr\/dun-federal-rezerv-faiz-oranini-075-artirdi-ve-bu-da-bugun-cinin-piyasa-ticaretine-iyimserlik-kazandirdi\/\"><\/a>\r\n<div class=\"detcont\"><div class=\"titlee\">D\u00fcn Federal Rezerv faiz oran\u0131n\u0131 %0,75 art\u0131rd\u0131 ve bu da bug\u00fcn \u00c7in&#8217;in piyasa ticaretine iyimserlik kazand\u0131rd\u0131<\/div>\r\n<div class=\"decs\">\r\nD\u00fcn Federal Rezerv'in faiz oran\u0131n\u0131 %0,75 art\u0131rma y\u00f6n\u00fcndeki hamlesi, bug\u00fcn \u00c7in'in piyasa ticaretine iyimserlik kazand\u0131rd\u0131. \u00c7in vadeli i\u015flem piyasas\u0131nda \u00e7elik...<\/div>\r\n<\/div>\r\n<a class=\"more button\" href=\"https:\/\/jatlas.com.tr\/tr\/dun-federal-rezerv-faiz-oranini-075-artirdi-ve-bu-da-bugun-cinin-piyasa-ticaretine-iyimserlik-kazandirdi\/\">more<\/a>\r\n<\/div>\r\n  \r\n<div class=\"echcol\">\r\n<a class=\"linkbox\" href=\"https:\/\/jatlas.com.tr\/tr\/hintli-ureticilerin-aralik-ayinda-yerel-sicak-rulo-fiyatlarini-dusurmesi-pek-olasi-degil\/\"><\/a>\r\n<div class=\"detcont\"><div class=\"titlee\">Hintli \u00fcreticilerin Aral\u0131k ay\u0131nda yerel s\u0131cak rulo fiyatlar\u0131n\u0131 d\u00fc\u015f\u00fcrmesi pek olas\u0131 de\u011fil<\/div>\r\n<div class=\"decs\">\r\nHintli \u00fcreticilerin, yerel trader'lar\u0131n, fabrikalar taraf\u0131ndan sunulan fiyatlara k\u0131yasla s\u0131cak rulo indirimleri teklif etmelerine ra\u011fmen, Aral\u0131k ay\u0131nda yerel s\u0131cak haddelenmi\u015f...<\/div>\r\n<\/div>\r\n<a class=\"more button\" href=\"https:\/\/jatlas.com.tr\/tr\/hintli-ureticilerin-aralik-ayinda-yerel-sicak-rulo-fiyatlarini-dusurmesi-pek-olasi-degil\/\">more<\/a>\r\n<\/div>\r\n  \r\n<div class=\"echcol\">\r\n<a class=\"linkbox\" href=\"https:\/\/jatlas.com.tr\/tr\/talep-zayifligi-demir-cevheri-fiyatlarini-baskiliyor\/\"><\/a>\r\n<div class=\"detcont\"><div class=\"titlee\">Talep zay\u0131fl\u0131\u011f\u0131 demir cevheri fiyatlar\u0131n\u0131 bask\u0131l\u0131yor<\/div>\r\n<div class=\"decs\">\r\nKaynaklara g\u00f6re, deniz yoluyla ta\u015f\u0131nan demir cevheri fiyatlar\u0131, daralan \u00e7elik marjlar\u0131 nedeniyle zay\u0131f demir cevheri talep beklentileri nedeniyle 26 Kas\u0131m...<\/div>\r\n<\/div>\r\n<a class=\"more button\" href=\"https:\/\/jatlas.com.tr\/tr\/talep-zayifligi-demir-cevheri-fiyatlarini-baskiliyor\/\">more<\/a>\r\n<\/div>\r\n    \r\n<\/div>\n\n<\/div><\/div>\n\n<div class=\"gb-container gb-container-8e4c6422\"><div class=\"gb-inside-container\">\n<div class=\"gb-grid-wrapper gb-grid-wrapper-e2fd42ed\">\n<div class=\"gb-grid-column gb-grid-column-4172e0e9\"><div class=\"gb-container gb-container-4172e0e9\"><div class=\"gb-inside-container\">\n\n<h2 class=\"gb-headline gb-headline-6f6386ef gb-headline-text\">ekibimiz\/tarihimiz<\/h2>\n\n\n\n<div class=\"gb-headline gb-headline-dceb4dd5 gb-headline-text\">J ATLAS, Uluslararas\u0131 bir ticaret \u015firketi ve T\u00fcrkiye&#8217;deki ve Basra K\u00f6rfezi \u00dclkelerindeki en b\u00fcy\u00fck \u00e7elik \u015firketlerinden baz\u0131lar\u0131n\u0131n m\u00fcnhas\u0131r temsilcisidir. J ATLAS, \u00e7elik ticareti ve imalat sanayinde yar\u0131m as\u0131rdan fazla tecr\u00fcbe ile bilgi, deneyim, g\u00fcvenilirlik ve sorumlulu\u011fun birle\u015fimine dayal\u0131 olarak i\u015fini kurmu\u015ftur.<\/div>\n\n<\/div><\/div><\/div>\n\n<div class=\"gb-grid-column gb-grid-column-67f4fa97\"><div class=\"gb-container gb-container-67f4fa97\"><div class=\"gb-inside-container\"><\/div><\/div><\/div>\n<\/div>\n<\/div><\/div>\n\n<div class=\"gb-container gb-container-488d1aa7\"><div class=\"gb-inside-container\">\n<div class=\"logosec\">\r\n\t\t<\/div>\r\n\r\n\r\n<script>\r\njQuery(function($){\t\r\n$('.logos').slick({\r\n  infinite: true,\r\n\ttouchThreshold:100,\r\n  slidesToShow: 5,\r\n\t  autoplay: true,\r\n  autoplaySpeed: 2000,\r\n  slidesToScroll: 5,\r\n\tresponsive: [\r\n    {\r\n      breakpoint: 768,\r\n      settings: {\r\n  slidesToShow: 3,\r\n  slidesToScroll: 3,\r\n\t\ttouchThreshold:20,\r\n\t\t  dots: true,\r\n\t\t  arrows: false,\r\n      }\r\n    }\r\n  ]\r\n});\t\r\n});\r\n\r\n\t\r\n<\/script>\n\n<\/div><div class=\"gb-shapes\"><div class=\"gb-shape gb-shape-1\"><svg xmlns=\"http:\/\/www.w3.org\/2000\/svg\" viewBox=\"0 0 1200 230\" preserveAspectRatio=\"none\"><path d=\"M1200 230H0V0l600 207.2L1200 0z\"\/><\/svg><\/div><\/div><\/div>\n\n\n<p><\/p>\n","protected":false},"excerpt":{"rendered":"\n<p class=\"read-more-container\"><a class=\"button read-more\" href=\"https:\/\/jatlas.com.tr\/tr\/talep-zayifligi-demir-cevheri-fiyatlarini-baskiliyor\/\" title=\"\">Devam\u0131n\u0131 oku&#8230;<\/a><\/p>\n","protected":false},"author":1,"featured_media":0,"parent":0,"menu_order":0,"comment_status":"closed","ping_status":"open","template":"","meta":{"_generate-full-width-content":"true","footnotes":""},"class_list":["post-266","page","type-page","status-publish","hentry","infinite-scroll-item"],"yoast_head":"<!-- This site is optimized with the Yoast SEO Premium plugin v17.0 (Yoast SEO v17.0) - https:\/\/yoast.com\/wordpress\/plugins\/seo\/ -->\n<title>Ana sayfa - JATLAS<\/title>\n<meta name=\"robots\" content=\"index, follow, max-snippet:-1, max-image-preview:large, max-video-preview:-1\" \/>\n<link rel=\"canonical\" href=\"https:\/\/jatlas.com.tr\/tr\/\" \/>\n<meta property=\"og:locale\" content=\"tr_TR\" \/>\n<meta property=\"og:type\" content=\"article\" \/>\n<meta property=\"og:title\" content=\"Ana sayfa\" \/>\n<meta property=\"og:description\" content=\"Devam\u0131n\u0131 oku...\" \/>\n<meta property=\"og:url\" content=\"https:\/\/jatlas.com.tr\/tr\/\" \/>\n<meta property=\"og:site_name\" content=\"JATLAS\" \/>\n<meta property=\"article:modified_time\" content=\"2023-03-10T08:28:37+00:00\" \/>\n<meta name=\"twitter:card\" content=\"summary_large_image\" \/>\n<meta name=\"twitter:label1\" content=\"Tahmini okuma s\u00fcresi\" \/>\n\t<meta name=\"twitter:data1\" content=\"1 dakika\" \/>\n<script type=\"application\/ld+json\" class=\"yoast-schema-graph\">{\"@context\":\"https:\/\/schema.org\",\"@graph\":[{\"@type\":\"WebSite\",\"@id\":\"https:\/\/jatlas.com.tr\/tr\/#website\",\"url\":\"https:\/\/jatlas.com.tr\/tr\/\",\"name\":\"JATLAS\",\"description\":\"\",\"potentialAction\":[{\"@type\":\"SearchAction\",\"target\":{\"@type\":\"EntryPoint\",\"urlTemplate\":\"https:\/\/jatlas.com.tr\/tr\/?s={search_term_string}\"},\"query-input\":\"required name=search_term_string\"}],\"inLanguage\":\"tr\"},{\"@type\":\"WebPage\",\"@id\":\"https:\/\/jatlas.com.tr\/tr\/#webpage\",\"url\":\"https:\/\/jatlas.com.tr\/tr\/\",\"name\":\"Ana sayfa - JATLAS\",\"isPartOf\":{\"@id\":\"https:\/\/jatlas.com.tr\/tr\/#website\"},\"datePublished\":\"2021-07-29T11:45:05+00:00\",\"dateModified\":\"2023-03-10T08:28:37+00:00\",\"breadcrumb\":{\"@id\":\"https:\/\/jatlas.com.tr\/tr\/#breadcrumb\"},\"inLanguage\":\"tr\",\"potentialAction\":[{\"@type\":\"ReadAction\",\"target\":[\"https:\/\/jatlas.com.tr\/tr\/\"]}]},{\"@type\":\"BreadcrumbList\",\"@id\":\"https:\/\/jatlas.com.tr\/tr\/#breadcrumb\",\"itemListElement\":[{\"@type\":\"ListItem\",\"position\":1,\"name\":\"Home\",\"item\":\"https:\/\/jatlas.com.tr\/tr\/\"},{\"@type\":\"ListItem\",\"position\":2,\"name\":\"Ana sayfa\"}]}]}<\/script>\n<!-- \/ Yoast SEO Premium plugin. -->","yoast_head_json":{"title":"Ana sayfa - JATLAS","robots":{"index":"index","follow":"follow","max-snippet":"max-snippet:-1","max-image-preview":"max-image-preview:large","max-video-preview":"max-video-preview:-1"},"canonical":"https:\/\/jatlas.com.tr\/tr\/","og_locale":"tr_TR","og_type":"article","og_title":"Ana sayfa","og_description":"Devam\u0131n\u0131 oku...","og_url":"https:\/\/jatlas.com.tr\/tr\/","og_site_name":"JATLAS","article_modified_time":"2023-03-10T08:28:37+00:00","twitter_card":"summary_large_image","twitter_misc":{"Tahmini okuma s\u00fcresi":"1 dakika"},"schema":{"@context":"https:\/\/schema.org","@graph":[{"@type":"WebSite","@id":"https:\/\/jatlas.com.tr\/tr\/#website","url":"https:\/\/jatlas.com.tr\/tr\/","name":"JATLAS","description":"","potentialAction":[{"@type":"SearchAction","target":{"@type":"EntryPoint","urlTemplate":"https:\/\/jatlas.com.tr\/tr\/?s={search_term_string}"},"query-input":"required name=search_term_string"}],"inLanguage":"tr"},{"@type":"WebPage","@id":"https:\/\/jatlas.com.tr\/tr\/#webpage","url":"https:\/\/jatlas.com.tr\/tr\/","name":"Ana sayfa - JATLAS","isPartOf":{"@id":"https:\/\/jatlas.com.tr\/tr\/#website"},"datePublished":"2021-07-29T11:45:05+00:00","dateModified":"2023-03-10T08:28:37+00:00","breadcrumb":{"@id":"https:\/\/jatlas.com.tr\/tr\/#breadcrumb"},"inLanguage":"tr","potentialAction":[{"@type":"ReadAction","target":["https:\/\/jatlas.com.tr\/tr\/"]}]},{"@type":"BreadcrumbList","@id":"https:\/\/jatlas.com.tr\/tr\/#breadcrumb","itemListElement":[{"@type":"ListItem","position":1,"name":"Home","item":"https:\/\/jatlas.com.tr\/tr\/"},{"@type":"ListItem","position":2,"name":"Ana sayfa"}]}]}},"_links":{"self":[{"href":"https:\/\/jatlas.com.tr\/tr\/wp-json\/wp\/v2\/pages\/266","targetHints":{"allow":["GET"]}}],"collection":[{"href":"https:\/\/jatlas.com.tr\/tr\/wp-json\/wp\/v2\/pages"}],"about":[{"href":"https:\/\/jatlas.com.tr\/tr\/wp-json\/wp\/v2\/types\/page"}],"author":[{"embeddable":true,"href":"https:\/\/jatlas.com.tr\/tr\/wp-json\/wp\/v2\/users\/1"}],"replies":[{"embeddable":true,"href":"https:\/\/jatlas.com.tr\/tr\/wp-json\/wp\/v2\/comments?post=266"}],"version-history":[{"count":27,"href":"https:\/\/jatlas.com.tr\/tr\/wp-json\/wp\/v2\/pages\/266\/revisions"}],"predecessor-version":[{"id":1181,"href":"https:\/\/jatlas.com.tr\/tr\/wp-json\/wp\/v2\/pages\/266\/revisions\/1181"}],"wp:attachment":[{"href":"https:\/\/jatlas.com.tr\/tr\/wp-json\/wp\/v2\/media?parent=266"}],"curies":[{"name":"wp","href":"https:\/\/api.w.org\/{rel}","templated":true}]}}