{"id":842,"date":"2021-10-07T12:54:37","date_gmt":"2021-10-07T09:54:37","guid":{"rendered":"https:\/\/jatlas.com.tr\/product\/doseme\/"},"modified":"2021-10-07T13:00:35","modified_gmt":"2021-10-07T10:00:35","slug":"doseme","status":"publish","type":"product","link":"https:\/\/jatlas.com.tr\/tr\/product\/doseme\/","title":{"rendered":"D\u00f6\u015feme"},"content":{"rendered":"\n<p>Bir levha, enine kesiti dikd\u00f6rtgen olan bir metal uzunlu\u011fudur. Levha, do\u011frudan s\u00fcrekli d\u00f6k\u00fcm yoluyla veya dolayl\u0131 olarak bir k\u00fcl\u00e7enin bir levha de\u011firmeninde haddelenmesiyle olu\u015fturulur. Levhalar genellikle yass\u0131 haddeleme, skelping ve boru haddeleme yoluyla i\u015flenir.<\/p>\n","protected":false},"excerpt":{"rendered":"\n<p class=\"read-more-container\"><a class=\"button read-more\" href=\"https:\/\/jatlas.com.tr\/tr\/product\/doseme\/\" title=\"\">Devam\u0131n\u0131 oku&#8230;<\/a><\/p>\n","protected":false},"featured_media":758,"template":"","class_list":["post-842","product","type-product","status-publish","has-post-thumbnail","hentry","infinite-scroll-item"],"yoast_head":"<!-- This site is optimized with the Yoast SEO Premium plugin v17.0 (Yoast SEO v17.0) - https:\/\/yoast.com\/wordpress\/plugins\/seo\/ -->\n<title>D\u00f6\u015feme - JATLAS<\/title>\n<meta name=\"robots\" content=\"index, follow, max-snippet:-1, max-image-preview:large, max-video-preview:-1\" \/>\n<link rel=\"canonical\" href=\"https:\/\/jatlas.com.tr\/tr\/product\/doseme\/\" \/>\n<meta property=\"og:locale\" content=\"tr_TR\" \/>\n<meta property=\"og:type\" content=\"article\" \/>\n<meta property=\"og:title\" content=\"D\u00f6\u015feme\" \/>\n<meta property=\"og:description\" content=\"Devam\u0131n\u0131 oku...\" \/>\n<meta property=\"og:url\" content=\"https:\/\/jatlas.com.tr\/tr\/product\/doseme\/\" \/>\n<meta property=\"og:site_name\" content=\"JATLAS\" \/>\n<meta property=\"article:modified_time\" content=\"2021-10-07T10:00:35+00:00\" \/>\n<meta property=\"og:image\" content=\"https:\/\/jatlas.com.tr\/wp-content\/uploads\/2021\/09\/slab.png\" \/>\n\t<meta property=\"og:image:width\" content=\"700\" \/>\n\t<meta property=\"og:image:height\" content=\"467\" \/>\n<meta name=\"twitter:card\" content=\"summary_large_image\" \/>\n<meta name=\"twitter:label1\" content=\"Tahmini okuma s\u00fcresi\" \/>\n\t<meta name=\"twitter:data1\" content=\"1 dakika\" \/>\n<script type=\"application\/ld+json\" class=\"yoast-schema-graph\">{\"@context\":\"https:\/\/schema.org\",\"@graph\":[{\"@type\":\"WebSite\",\"@id\":\"https:\/\/jatlas.com.tr\/tr\/#website\",\"url\":\"https:\/\/jatlas.com.tr\/tr\/\",\"name\":\"JATLAS\",\"description\":\"\",\"potentialAction\":[{\"@type\":\"SearchAction\",\"target\":{\"@type\":\"EntryPoint\",\"urlTemplate\":\"https:\/\/jatlas.com.tr\/tr\/?s={search_term_string}\"},\"query-input\":\"required name=search_term_string\"}],\"inLanguage\":\"tr\"},{\"@type\":\"ImageObject\",\"@id\":\"https:\/\/jatlas.com.tr\/tr\/product\/doseme\/#primaryimage\",\"inLanguage\":\"tr\",\"url\":\"https:\/\/jatlas.com.tr\/wp-content\/uploads\/2021\/09\/slab.png\",\"contentUrl\":\"https:\/\/jatlas.com.tr\/wp-content\/uploads\/2021\/09\/slab.png\",\"width\":700,\"height\":467},{\"@type\":\"WebPage\",\"@id\":\"https:\/\/jatlas.com.tr\/tr\/product\/doseme\/#webpage\",\"url\":\"https:\/\/jatlas.com.tr\/tr\/product\/doseme\/\",\"name\":\"D\\u00f6\\u015feme - JATLAS\",\"isPartOf\":{\"@id\":\"https:\/\/jatlas.com.tr\/tr\/#website\"},\"primaryImageOfPage\":{\"@id\":\"https:\/\/jatlas.com.tr\/tr\/product\/doseme\/#primaryimage\"},\"datePublished\":\"2021-10-07T09:54:37+00:00\",\"dateModified\":\"2021-10-07T10:00:35+00:00\",\"breadcrumb\":{\"@id\":\"https:\/\/jatlas.com.tr\/tr\/product\/doseme\/#breadcrumb\"},\"inLanguage\":\"tr\",\"potentialAction\":[{\"@type\":\"ReadAction\",\"target\":[\"https:\/\/jatlas.com.tr\/tr\/product\/doseme\/\"]}]},{\"@type\":\"BreadcrumbList\",\"@id\":\"https:\/\/jatlas.com.tr\/tr\/product\/doseme\/#breadcrumb\",\"itemListElement\":[{\"@type\":\"ListItem\",\"position\":1,\"name\":\"Home\",\"item\":\"https:\/\/jatlas.com.tr\/tr\/\"},{\"@type\":\"ListItem\",\"position\":2,\"name\":\"product\",\"item\":\"https:\/\/jatlas.com.tr\/tr\/product\/\"},{\"@type\":\"ListItem\",\"position\":3,\"name\":\"D\\u00f6\\u015feme\"}]}]}<\/script>\n<!-- \/ Yoast SEO Premium plugin. -->","yoast_head_json":{"title":"D\u00f6\u015feme - JATLAS","robots":{"index":"index","follow":"follow","max-snippet":"max-snippet:-1","max-image-preview":"max-image-preview:large","max-video-preview":"max-video-preview:-1"},"canonical":"https:\/\/jatlas.com.tr\/tr\/product\/doseme\/","og_locale":"tr_TR","og_type":"article","og_title":"D\u00f6\u015feme","og_description":"Devam\u0131n\u0131 oku...","og_url":"https:\/\/jatlas.com.tr\/tr\/product\/doseme\/","og_site_name":"JATLAS","article_modified_time":"2021-10-07T10:00:35+00:00","og_image":[{"width":700,"height":467,"url":"https:\/\/jatlas.com.tr\/wp-content\/uploads\/2021\/09\/slab.png","path":"\/var\/www\/vhosts\/jatlas.com.tr\/httpdocs\/wp-content\/uploads\/2021\/09\/slab.png","size":"full","id":758,"alt":"","pixels":326900,"type":"image\/png"}],"twitter_card":"summary_large_image","twitter_misc":{"Tahmini okuma s\u00fcresi":"1 dakika"},"schema":{"@context":"https:\/\/schema.org","@graph":[{"@type":"WebSite","@id":"https:\/\/jatlas.com.tr\/tr\/#website","url":"https:\/\/jatlas.com.tr\/tr\/","name":"JATLAS","description":"","potentialAction":[{"@type":"SearchAction","target":{"@type":"EntryPoint","urlTemplate":"https:\/\/jatlas.com.tr\/tr\/?s={search_term_string}"},"query-input":"required name=search_term_string"}],"inLanguage":"tr"},{"@type":"ImageObject","@id":"https:\/\/jatlas.com.tr\/tr\/product\/doseme\/#primaryimage","inLanguage":"tr","url":"https:\/\/jatlas.com.tr\/wp-content\/uploads\/2021\/09\/slab.png","contentUrl":"https:\/\/jatlas.com.tr\/wp-content\/uploads\/2021\/09\/slab.png","width":700,"height":467},{"@type":"WebPage","@id":"https:\/\/jatlas.com.tr\/tr\/product\/doseme\/#webpage","url":"https:\/\/jatlas.com.tr\/tr\/product\/doseme\/","name":"D\u00f6\u015feme - JATLAS","isPartOf":{"@id":"https:\/\/jatlas.com.tr\/tr\/#website"},"primaryImageOfPage":{"@id":"https:\/\/jatlas.com.tr\/tr\/product\/doseme\/#primaryimage"},"datePublished":"2021-10-07T09:54:37+00:00","dateModified":"2021-10-07T10:00:35+00:00","breadcrumb":{"@id":"https:\/\/jatlas.com.tr\/tr\/product\/doseme\/#breadcrumb"},"inLanguage":"tr","potentialAction":[{"@type":"ReadAction","target":["https:\/\/jatlas.com.tr\/tr\/product\/doseme\/"]}]},{"@type":"BreadcrumbList","@id":"https:\/\/jatlas.com.tr\/tr\/product\/doseme\/#breadcrumb","itemListElement":[{"@type":"ListItem","position":1,"name":"Home","item":"https:\/\/jatlas.com.tr\/tr\/"},{"@type":"ListItem","position":2,"name":"product","item":"https:\/\/jatlas.com.tr\/tr\/product\/"},{"@type":"ListItem","position":3,"name":"D\u00f6\u015feme"}]}]}},"_links":{"self":[{"href":"https:\/\/jatlas.com.tr\/tr\/wp-json\/wp\/v2\/product\/842","targetHints":{"allow":["GET"]}}],"collection":[{"href":"https:\/\/jatlas.com.tr\/tr\/wp-json\/wp\/v2\/product"}],"about":[{"href":"https:\/\/jatlas.com.tr\/tr\/wp-json\/wp\/v2\/types\/product"}],"wp:featuredmedia":[{"embeddable":true,"href":"https:\/\/jatlas.com.tr\/tr\/wp-json\/wp\/v2\/media\/758"}],"wp:attachment":[{"href":"https:\/\/jatlas.com.tr\/tr\/wp-json\/wp\/v2\/media?parent=842"}],"curies":[{"name":"wp","href":"https:\/\/api.w.org\/{rel}","templated":true}]}}