{"id":849,"date":"2021-10-07T13:07:01","date_gmt":"2021-10-07T10:07:01","guid":{"rendered":"https:\/\/jatlas.com.tr\/product\/tel-cubuklar\/"},"modified":"2021-10-07T13:10:14","modified_gmt":"2021-10-07T10:10:14","slug":"tel-cubuklar","status":"publish","type":"product","link":"https:\/\/jatlas.com.tr\/tr\/product\/tel-cubuklar\/","title":{"rendered":"Tel \u00e7ubuklar"},"content":{"rendered":"\n<p>Filma\u015fin, s\u00fcrekli haddehanelerde s\u0131cak haddeleme k\u00fct\u00fckleri ile \u00fcretilen uzun \u00e7elik yar\u0131 mamul bir \u00fcr\u00fcnd\u00fcr. \u2026 hadde imalat\u0131nda kullan\u0131lan orta veya y\u00fcksek karbon i\u00e7erikli filma\u015fin. kaynak \u00e7ubu\u011fu. s\u0131cak ve so\u011fuk pres, \u00e7ekme ve ekstr\u00fczyonda kullan\u0131lan \u00f6zel \u00e7elik \u00e7ubuklar.<\/p>\n","protected":false},"excerpt":{"rendered":"\n<p class=\"read-more-container\"><a class=\"button read-more\" href=\"https:\/\/jatlas.com.tr\/tr\/product\/tel-cubuklar\/\" title=\"\">Devam\u0131n\u0131 oku&#8230;<\/a><\/p>\n","protected":false},"featured_media":761,"template":"","class_list":["post-849","product","type-product","status-publish","has-post-thumbnail","hentry","infinite-scroll-item"],"yoast_head":"<!-- This site is optimized with the Yoast SEO Premium plugin v17.0 (Yoast SEO v17.0) - https:\/\/yoast.com\/wordpress\/plugins\/seo\/ -->\n<title>Tel \u00e7ubuklar - JATLAS<\/title>\n<meta name=\"robots\" content=\"index, follow, max-snippet:-1, max-image-preview:large, max-video-preview:-1\" \/>\n<link rel=\"canonical\" href=\"https:\/\/jatlas.com.tr\/tr\/product\/tel-cubuklar\/\" \/>\n<meta property=\"og:locale\" content=\"tr_TR\" \/>\n<meta property=\"og:type\" content=\"article\" \/>\n<meta property=\"og:title\" content=\"Tel \u00e7ubuklar\" \/>\n<meta property=\"og:description\" content=\"Devam\u0131n\u0131 oku...\" \/>\n<meta property=\"og:url\" content=\"https:\/\/jatlas.com.tr\/tr\/product\/tel-cubuklar\/\" \/>\n<meta property=\"og:site_name\" content=\"JATLAS\" \/>\n<meta property=\"article:modified_time\" content=\"2021-10-07T10:10:14+00:00\" \/>\n<meta property=\"og:image\" content=\"https:\/\/jatlas.com.tr\/wp-content\/uploads\/2021\/09\/wire-rods.png\" \/>\n\t<meta property=\"og:image:width\" content=\"700\" \/>\n\t<meta property=\"og:image:height\" content=\"506\" \/>\n<meta name=\"twitter:card\" content=\"summary_large_image\" \/>\n<script type=\"application\/ld+json\" class=\"yoast-schema-graph\">{\"@context\":\"https:\/\/schema.org\",\"@graph\":[{\"@type\":\"WebSite\",\"@id\":\"https:\/\/jatlas.com.tr\/tr\/#website\",\"url\":\"https:\/\/jatlas.com.tr\/tr\/\",\"name\":\"JATLAS\",\"description\":\"\",\"potentialAction\":[{\"@type\":\"SearchAction\",\"target\":{\"@type\":\"EntryPoint\",\"urlTemplate\":\"https:\/\/jatlas.com.tr\/tr\/?s={search_term_string}\"},\"query-input\":\"required name=search_term_string\"}],\"inLanguage\":\"tr\"},{\"@type\":\"ImageObject\",\"@id\":\"https:\/\/jatlas.com.tr\/tr\/product\/tel-cubuklar\/#primaryimage\",\"inLanguage\":\"tr\",\"url\":\"https:\/\/jatlas.com.tr\/wp-content\/uploads\/2021\/09\/wire-rods.png\",\"contentUrl\":\"https:\/\/jatlas.com.tr\/wp-content\/uploads\/2021\/09\/wire-rods.png\",\"width\":700,\"height\":506},{\"@type\":\"WebPage\",\"@id\":\"https:\/\/jatlas.com.tr\/tr\/product\/tel-cubuklar\/#webpage\",\"url\":\"https:\/\/jatlas.com.tr\/tr\/product\/tel-cubuklar\/\",\"name\":\"Tel \\u00e7ubuklar - JATLAS\",\"isPartOf\":{\"@id\":\"https:\/\/jatlas.com.tr\/tr\/#website\"},\"primaryImageOfPage\":{\"@id\":\"https:\/\/jatlas.com.tr\/tr\/product\/tel-cubuklar\/#primaryimage\"},\"datePublished\":\"2021-10-07T10:07:01+00:00\",\"dateModified\":\"2021-10-07T10:10:14+00:00\",\"breadcrumb\":{\"@id\":\"https:\/\/jatlas.com.tr\/tr\/product\/tel-cubuklar\/#breadcrumb\"},\"inLanguage\":\"tr\",\"potentialAction\":[{\"@type\":\"ReadAction\",\"target\":[\"https:\/\/jatlas.com.tr\/tr\/product\/tel-cubuklar\/\"]}]},{\"@type\":\"BreadcrumbList\",\"@id\":\"https:\/\/jatlas.com.tr\/tr\/product\/tel-cubuklar\/#breadcrumb\",\"itemListElement\":[{\"@type\":\"ListItem\",\"position\":1,\"name\":\"Home\",\"item\":\"https:\/\/jatlas.com.tr\/tr\/\"},{\"@type\":\"ListItem\",\"position\":2,\"name\":\"product\",\"item\":\"https:\/\/jatlas.com.tr\/tr\/product\/\"},{\"@type\":\"ListItem\",\"position\":3,\"name\":\"Tel \\u00e7ubuklar\"}]}]}<\/script>\n<!-- \/ Yoast SEO Premium plugin. -->","yoast_head_json":{"title":"Tel \u00e7ubuklar - JATLAS","robots":{"index":"index","follow":"follow","max-snippet":"max-snippet:-1","max-image-preview":"max-image-preview:large","max-video-preview":"max-video-preview:-1"},"canonical":"https:\/\/jatlas.com.tr\/tr\/product\/tel-cubuklar\/","og_locale":"tr_TR","og_type":"article","og_title":"Tel \u00e7ubuklar","og_description":"Devam\u0131n\u0131 oku...","og_url":"https:\/\/jatlas.com.tr\/tr\/product\/tel-cubuklar\/","og_site_name":"JATLAS","article_modified_time":"2021-10-07T10:10:14+00:00","og_image":[{"width":700,"height":506,"url":"https:\/\/jatlas.com.tr\/wp-content\/uploads\/2021\/09\/wire-rods.png","path":"\/var\/www\/vhosts\/jatlas.com.tr\/httpdocs\/wp-content\/uploads\/2021\/09\/wire-rods.png","size":"full","id":761,"alt":"","pixels":354200,"type":"image\/png"}],"twitter_card":"summary_large_image","schema":{"@context":"https:\/\/schema.org","@graph":[{"@type":"WebSite","@id":"https:\/\/jatlas.com.tr\/tr\/#website","url":"https:\/\/jatlas.com.tr\/tr\/","name":"JATLAS","description":"","potentialAction":[{"@type":"SearchAction","target":{"@type":"EntryPoint","urlTemplate":"https:\/\/jatlas.com.tr\/tr\/?s={search_term_string}"},"query-input":"required name=search_term_string"}],"inLanguage":"tr"},{"@type":"ImageObject","@id":"https:\/\/jatlas.com.tr\/tr\/product\/tel-cubuklar\/#primaryimage","inLanguage":"tr","url":"https:\/\/jatlas.com.tr\/wp-content\/uploads\/2021\/09\/wire-rods.png","contentUrl":"https:\/\/jatlas.com.tr\/wp-content\/uploads\/2021\/09\/wire-rods.png","width":700,"height":506},{"@type":"WebPage","@id":"https:\/\/jatlas.com.tr\/tr\/product\/tel-cubuklar\/#webpage","url":"https:\/\/jatlas.com.tr\/tr\/product\/tel-cubuklar\/","name":"Tel \u00e7ubuklar - JATLAS","isPartOf":{"@id":"https:\/\/jatlas.com.tr\/tr\/#website"},"primaryImageOfPage":{"@id":"https:\/\/jatlas.com.tr\/tr\/product\/tel-cubuklar\/#primaryimage"},"datePublished":"2021-10-07T10:07:01+00:00","dateModified":"2021-10-07T10:10:14+00:00","breadcrumb":{"@id":"https:\/\/jatlas.com.tr\/tr\/product\/tel-cubuklar\/#breadcrumb"},"inLanguage":"tr","potentialAction":[{"@type":"ReadAction","target":["https:\/\/jatlas.com.tr\/tr\/product\/tel-cubuklar\/"]}]},{"@type":"BreadcrumbList","@id":"https:\/\/jatlas.com.tr\/tr\/product\/tel-cubuklar\/#breadcrumb","itemListElement":[{"@type":"ListItem","position":1,"name":"Home","item":"https:\/\/jatlas.com.tr\/tr\/"},{"@type":"ListItem","position":2,"name":"product","item":"https:\/\/jatlas.com.tr\/tr\/product\/"},{"@type":"ListItem","position":3,"name":"Tel \u00e7ubuklar"}]}]}},"_links":{"self":[{"href":"https:\/\/jatlas.com.tr\/tr\/wp-json\/wp\/v2\/product\/849","targetHints":{"allow":["GET"]}}],"collection":[{"href":"https:\/\/jatlas.com.tr\/tr\/wp-json\/wp\/v2\/product"}],"about":[{"href":"https:\/\/jatlas.com.tr\/tr\/wp-json\/wp\/v2\/types\/product"}],"wp:featuredmedia":[{"embeddable":true,"href":"https:\/\/jatlas.com.tr\/tr\/wp-json\/wp\/v2\/media\/761"}],"wp:attachment":[{"href":"https:\/\/jatlas.com.tr\/tr\/wp-json\/wp\/v2\/media?parent=849"}],"curies":[{"name":"wp","href":"https:\/\/api.w.org\/{rel}","templated":true}]}}