{"id":855,"date":"2021-10-07T16:00:09","date_gmt":"2021-10-07T13:00:09","guid":{"rendered":"https:\/\/jatlas.com.tr\/product\/dogrultulmus-ve-boy-kesilmis-tel\/"},"modified":"2021-10-07T16:00:43","modified_gmt":"2021-10-07T13:00:43","slug":"dogrultulmus-ve-boy-kesilmis-tel","status":"publish","type":"product","link":"https:\/\/jatlas.com.tr\/tr\/product\/dogrultulmus-ve-boy-kesilmis-tel\/","title":{"rendered":"Do\u011frultulmu\u015f ve Boy Kesilmi\u015f Tel"},"content":{"rendered":"","protected":false},"excerpt":{"rendered":"\n<p class=\"read-more-container\"><a class=\"button read-more\" href=\"https:\/\/jatlas.com.tr\/tr\/product\/dogrultulmus-ve-boy-kesilmis-tel\/\" title=\"\">Devam\u0131n\u0131 oku&#8230;<\/a><\/p>\n","protected":false},"featured_media":768,"template":"","class_list":["post-855","product","type-product","status-publish","has-post-thumbnail","hentry","infinite-scroll-item"],"yoast_head":"<!-- This site is optimized with the Yoast SEO Premium plugin v17.0 (Yoast SEO v17.0) - https:\/\/yoast.com\/wordpress\/plugins\/seo\/ -->\n<title>Do\u011frultulmu\u015f ve Boy Kesilmi\u015f Tel - JATLAS<\/title>\n<meta name=\"robots\" content=\"index, follow, max-snippet:-1, max-image-preview:large, max-video-preview:-1\" \/>\n<link rel=\"canonical\" href=\"https:\/\/jatlas.com.tr\/tr\/product\/dogrultulmus-ve-boy-kesilmis-tel\/\" \/>\n<meta property=\"og:locale\" content=\"tr_TR\" \/>\n<meta property=\"og:type\" content=\"article\" \/>\n<meta property=\"og:title\" content=\"Do\u011frultulmu\u015f ve Boy Kesilmi\u015f Tel\" \/>\n<meta property=\"og:description\" content=\"Devam\u0131n\u0131 oku...\" \/>\n<meta property=\"og:url\" content=\"https:\/\/jatlas.com.tr\/tr\/product\/dogrultulmus-ve-boy-kesilmis-tel\/\" \/>\n<meta property=\"og:site_name\" content=\"JATLAS\" \/>\n<meta property=\"article:modified_time\" content=\"2021-10-07T13:00:43+00:00\" \/>\n<meta property=\"og:image\" content=\"https:\/\/jatlas.com.tr\/wp-content\/uploads\/2021\/09\/cut.png\" \/>\n\t<meta property=\"og:image:width\" content=\"1400\" \/>\n\t<meta property=\"og:image:height\" content=\"934\" \/>\n<meta name=\"twitter:card\" content=\"summary_large_image\" \/>\n<script type=\"application\/ld+json\" class=\"yoast-schema-graph\">{\"@context\":\"https:\/\/schema.org\",\"@graph\":[{\"@type\":\"WebSite\",\"@id\":\"https:\/\/jatlas.com.tr\/tr\/#website\",\"url\":\"https:\/\/jatlas.com.tr\/tr\/\",\"name\":\"JATLAS\",\"description\":\"\",\"potentialAction\":[{\"@type\":\"SearchAction\",\"target\":{\"@type\":\"EntryPoint\",\"urlTemplate\":\"https:\/\/jatlas.com.tr\/tr\/?s={search_term_string}\"},\"query-input\":\"required name=search_term_string\"}],\"inLanguage\":\"tr\"},{\"@type\":\"ImageObject\",\"@id\":\"https:\/\/jatlas.com.tr\/tr\/product\/dogrultulmus-ve-boy-kesilmis-tel\/#primaryimage\",\"inLanguage\":\"tr\",\"url\":\"https:\/\/jatlas.com.tr\/wp-content\/uploads\/2021\/09\/cut.png\",\"contentUrl\":\"https:\/\/jatlas.com.tr\/wp-content\/uploads\/2021\/09\/cut.png\",\"width\":1400,\"height\":934},{\"@type\":\"WebPage\",\"@id\":\"https:\/\/jatlas.com.tr\/tr\/product\/dogrultulmus-ve-boy-kesilmis-tel\/#webpage\",\"url\":\"https:\/\/jatlas.com.tr\/tr\/product\/dogrultulmus-ve-boy-kesilmis-tel\/\",\"name\":\"Do\\u011frultulmu\\u015f ve Boy Kesilmi\\u015f Tel - JATLAS\",\"isPartOf\":{\"@id\":\"https:\/\/jatlas.com.tr\/tr\/#website\"},\"primaryImageOfPage\":{\"@id\":\"https:\/\/jatlas.com.tr\/tr\/product\/dogrultulmus-ve-boy-kesilmis-tel\/#primaryimage\"},\"datePublished\":\"2021-10-07T13:00:09+00:00\",\"dateModified\":\"2021-10-07T13:00:43+00:00\",\"breadcrumb\":{\"@id\":\"https:\/\/jatlas.com.tr\/tr\/product\/dogrultulmus-ve-boy-kesilmis-tel\/#breadcrumb\"},\"inLanguage\":\"tr\",\"potentialAction\":[{\"@type\":\"ReadAction\",\"target\":[\"https:\/\/jatlas.com.tr\/tr\/product\/dogrultulmus-ve-boy-kesilmis-tel\/\"]}]},{\"@type\":\"BreadcrumbList\",\"@id\":\"https:\/\/jatlas.com.tr\/tr\/product\/dogrultulmus-ve-boy-kesilmis-tel\/#breadcrumb\",\"itemListElement\":[{\"@type\":\"ListItem\",\"position\":1,\"name\":\"Home\",\"item\":\"https:\/\/jatlas.com.tr\/tr\/\"},{\"@type\":\"ListItem\",\"position\":2,\"name\":\"product\",\"item\":\"https:\/\/jatlas.com.tr\/tr\/product\/\"},{\"@type\":\"ListItem\",\"position\":3,\"name\":\"Do\\u011frultulmu\\u015f ve Boy Kesilmi\\u015f Tel\"}]}]}<\/script>\n<!-- \/ Yoast SEO Premium plugin. -->","yoast_head_json":{"title":"Do\u011frultulmu\u015f ve Boy Kesilmi\u015f Tel - JATLAS","robots":{"index":"index","follow":"follow","max-snippet":"max-snippet:-1","max-image-preview":"max-image-preview:large","max-video-preview":"max-video-preview:-1"},"canonical":"https:\/\/jatlas.com.tr\/tr\/product\/dogrultulmus-ve-boy-kesilmis-tel\/","og_locale":"tr_TR","og_type":"article","og_title":"Do\u011frultulmu\u015f ve Boy Kesilmi\u015f Tel","og_description":"Devam\u0131n\u0131 oku...","og_url":"https:\/\/jatlas.com.tr\/tr\/product\/dogrultulmus-ve-boy-kesilmis-tel\/","og_site_name":"JATLAS","article_modified_time":"2021-10-07T13:00:43+00:00","og_image":[{"width":1400,"height":934,"url":"https:\/\/jatlas.com.tr\/wp-content\/uploads\/2021\/09\/cut.png","path":"\/var\/www\/vhosts\/jatlas.com.tr\/httpdocs\/wp-content\/uploads\/2021\/09\/cut.png","size":"full","id":768,"alt":"","pixels":1307600,"type":"image\/png"}],"twitter_card":"summary_large_image","schema":{"@context":"https:\/\/schema.org","@graph":[{"@type":"WebSite","@id":"https:\/\/jatlas.com.tr\/tr\/#website","url":"https:\/\/jatlas.com.tr\/tr\/","name":"JATLAS","description":"","potentialAction":[{"@type":"SearchAction","target":{"@type":"EntryPoint","urlTemplate":"https:\/\/jatlas.com.tr\/tr\/?s={search_term_string}"},"query-input":"required name=search_term_string"}],"inLanguage":"tr"},{"@type":"ImageObject","@id":"https:\/\/jatlas.com.tr\/tr\/product\/dogrultulmus-ve-boy-kesilmis-tel\/#primaryimage","inLanguage":"tr","url":"https:\/\/jatlas.com.tr\/wp-content\/uploads\/2021\/09\/cut.png","contentUrl":"https:\/\/jatlas.com.tr\/wp-content\/uploads\/2021\/09\/cut.png","width":1400,"height":934},{"@type":"WebPage","@id":"https:\/\/jatlas.com.tr\/tr\/product\/dogrultulmus-ve-boy-kesilmis-tel\/#webpage","url":"https:\/\/jatlas.com.tr\/tr\/product\/dogrultulmus-ve-boy-kesilmis-tel\/","name":"Do\u011frultulmu\u015f ve Boy Kesilmi\u015f Tel - JATLAS","isPartOf":{"@id":"https:\/\/jatlas.com.tr\/tr\/#website"},"primaryImageOfPage":{"@id":"https:\/\/jatlas.com.tr\/tr\/product\/dogrultulmus-ve-boy-kesilmis-tel\/#primaryimage"},"datePublished":"2021-10-07T13:00:09+00:00","dateModified":"2021-10-07T13:00:43+00:00","breadcrumb":{"@id":"https:\/\/jatlas.com.tr\/tr\/product\/dogrultulmus-ve-boy-kesilmis-tel\/#breadcrumb"},"inLanguage":"tr","potentialAction":[{"@type":"ReadAction","target":["https:\/\/jatlas.com.tr\/tr\/product\/dogrultulmus-ve-boy-kesilmis-tel\/"]}]},{"@type":"BreadcrumbList","@id":"https:\/\/jatlas.com.tr\/tr\/product\/dogrultulmus-ve-boy-kesilmis-tel\/#breadcrumb","itemListElement":[{"@type":"ListItem","position":1,"name":"Home","item":"https:\/\/jatlas.com.tr\/tr\/"},{"@type":"ListItem","position":2,"name":"product","item":"https:\/\/jatlas.com.tr\/tr\/product\/"},{"@type":"ListItem","position":3,"name":"Do\u011frultulmu\u015f ve Boy Kesilmi\u015f Tel"}]}]}},"_links":{"self":[{"href":"https:\/\/jatlas.com.tr\/tr\/wp-json\/wp\/v2\/product\/855","targetHints":{"allow":["GET"]}}],"collection":[{"href":"https:\/\/jatlas.com.tr\/tr\/wp-json\/wp\/v2\/product"}],"about":[{"href":"https:\/\/jatlas.com.tr\/tr\/wp-json\/wp\/v2\/types\/product"}],"wp:featuredmedia":[{"embeddable":true,"href":"https:\/\/jatlas.com.tr\/tr\/wp-json\/wp\/v2\/media\/768"}],"wp:attachment":[{"href":"https:\/\/jatlas.com.tr\/tr\/wp-json\/wp\/v2\/media?parent=855"}],"curies":[{"name":"wp","href":"https:\/\/api.w.org\/{rel}","templated":true}]}}