{"id":856,"date":"2021-10-07T16:03:13","date_gmt":"2021-10-07T13:03:13","guid":{"rendered":"https:\/\/jatlas.com.tr\/product\/cinko-elektrotlu-tel\/"},"modified":"2021-10-07T16:05:49","modified_gmt":"2021-10-07T13:05:49","slug":"cinko-elektrotlu-tel","status":"publish","type":"product","link":"https:\/\/jatlas.com.tr\/tr\/product\/cinko-elektrotlu-tel\/","title":{"rendered":"\u00c7inko Elektrotlu Tel"},"content":{"rendered":"","protected":false},"excerpt":{"rendered":"\n<p class=\"read-more-container\"><a class=\"button read-more\" href=\"https:\/\/jatlas.com.tr\/tr\/product\/cinko-elektrotlu-tel\/\" title=\"\">Devam\u0131n\u0131 oku&#8230;<\/a><\/p>\n","protected":false},"featured_media":647,"template":"","class_list":["post-856","product","type-product","status-publish","has-post-thumbnail","hentry","infinite-scroll-item"],"yoast_head":"<!-- This site is optimized with the Yoast SEO Premium plugin v17.0 (Yoast SEO v17.0) - https:\/\/yoast.com\/wordpress\/plugins\/seo\/ -->\n<title>\u00c7inko Elektrotlu Tel - JATLAS<\/title>\n<meta name=\"robots\" content=\"index, follow, max-snippet:-1, max-image-preview:large, max-video-preview:-1\" \/>\n<link rel=\"canonical\" href=\"https:\/\/jatlas.com.tr\/tr\/product\/cinko-elektrotlu-tel\/\" \/>\n<meta property=\"og:locale\" content=\"tr_TR\" \/>\n<meta property=\"og:type\" content=\"article\" \/>\n<meta property=\"og:title\" content=\"\u00c7inko Elektrotlu Tel\" \/>\n<meta property=\"og:description\" content=\"Devam\u0131n\u0131 oku...\" \/>\n<meta property=\"og:url\" content=\"https:\/\/jatlas.com.tr\/tr\/product\/cinko-elektrotlu-tel\/\" \/>\n<meta property=\"og:site_name\" content=\"JATLAS\" \/>\n<meta property=\"article:modified_time\" content=\"2021-10-07T13:05:49+00:00\" \/>\n<meta property=\"og:image\" content=\"https:\/\/jatlas.com.tr\/wp-content\/uploads\/2021\/09\/Zinc-Electrode-Posited-Wire.png\" \/>\n\t<meta property=\"og:image:width\" content=\"700\" \/>\n\t<meta property=\"og:image:height\" content=\"556\" \/>\n<meta name=\"twitter:card\" content=\"summary_large_image\" \/>\n<script type=\"application\/ld+json\" class=\"yoast-schema-graph\">{\"@context\":\"https:\/\/schema.org\",\"@graph\":[{\"@type\":\"WebSite\",\"@id\":\"https:\/\/jatlas.com.tr\/tr\/#website\",\"url\":\"https:\/\/jatlas.com.tr\/tr\/\",\"name\":\"JATLAS\",\"description\":\"\",\"potentialAction\":[{\"@type\":\"SearchAction\",\"target\":{\"@type\":\"EntryPoint\",\"urlTemplate\":\"https:\/\/jatlas.com.tr\/tr\/?s={search_term_string}\"},\"query-input\":\"required name=search_term_string\"}],\"inLanguage\":\"tr\"},{\"@type\":\"ImageObject\",\"@id\":\"https:\/\/jatlas.com.tr\/tr\/product\/cinko-elektrotlu-tel\/#primaryimage\",\"inLanguage\":\"tr\",\"url\":\"https:\/\/jatlas.com.tr\/wp-content\/uploads\/2021\/09\/Zinc-Electrode-Posited-Wire.png\",\"contentUrl\":\"https:\/\/jatlas.com.tr\/wp-content\/uploads\/2021\/09\/Zinc-Electrode-Posited-Wire.png\",\"width\":700,\"height\":556},{\"@type\":\"WebPage\",\"@id\":\"https:\/\/jatlas.com.tr\/tr\/product\/cinko-elektrotlu-tel\/#webpage\",\"url\":\"https:\/\/jatlas.com.tr\/tr\/product\/cinko-elektrotlu-tel\/\",\"name\":\"\\u00c7inko Elektrotlu Tel - JATLAS\",\"isPartOf\":{\"@id\":\"https:\/\/jatlas.com.tr\/tr\/#website\"},\"primaryImageOfPage\":{\"@id\":\"https:\/\/jatlas.com.tr\/tr\/product\/cinko-elektrotlu-tel\/#primaryimage\"},\"datePublished\":\"2021-10-07T13:03:13+00:00\",\"dateModified\":\"2021-10-07T13:05:49+00:00\",\"breadcrumb\":{\"@id\":\"https:\/\/jatlas.com.tr\/tr\/product\/cinko-elektrotlu-tel\/#breadcrumb\"},\"inLanguage\":\"tr\",\"potentialAction\":[{\"@type\":\"ReadAction\",\"target\":[\"https:\/\/jatlas.com.tr\/tr\/product\/cinko-elektrotlu-tel\/\"]}]},{\"@type\":\"BreadcrumbList\",\"@id\":\"https:\/\/jatlas.com.tr\/tr\/product\/cinko-elektrotlu-tel\/#breadcrumb\",\"itemListElement\":[{\"@type\":\"ListItem\",\"position\":1,\"name\":\"Home\",\"item\":\"https:\/\/jatlas.com.tr\/tr\/\"},{\"@type\":\"ListItem\",\"position\":2,\"name\":\"product\",\"item\":\"https:\/\/jatlas.com.tr\/tr\/product\/\"},{\"@type\":\"ListItem\",\"position\":3,\"name\":\"\\u00c7inko Elektrotlu Tel\"}]}]}<\/script>\n<!-- \/ Yoast SEO Premium plugin. -->","yoast_head_json":{"title":"\u00c7inko Elektrotlu Tel - JATLAS","robots":{"index":"index","follow":"follow","max-snippet":"max-snippet:-1","max-image-preview":"max-image-preview:large","max-video-preview":"max-video-preview:-1"},"canonical":"https:\/\/jatlas.com.tr\/tr\/product\/cinko-elektrotlu-tel\/","og_locale":"tr_TR","og_type":"article","og_title":"\u00c7inko Elektrotlu Tel","og_description":"Devam\u0131n\u0131 oku...","og_url":"https:\/\/jatlas.com.tr\/tr\/product\/cinko-elektrotlu-tel\/","og_site_name":"JATLAS","article_modified_time":"2021-10-07T13:05:49+00:00","og_image":[{"width":700,"height":556,"url":"https:\/\/jatlas.com.tr\/wp-content\/uploads\/2021\/09\/Zinc-Electrode-Posited-Wire.png","path":"\/var\/www\/vhosts\/jatlas.com.tr\/httpdocs\/wp-content\/uploads\/2021\/09\/Zinc-Electrode-Posited-Wire.png","size":"full","id":647,"alt":"","pixels":389200,"type":"image\/png"}],"twitter_card":"summary_large_image","schema":{"@context":"https:\/\/schema.org","@graph":[{"@type":"WebSite","@id":"https:\/\/jatlas.com.tr\/tr\/#website","url":"https:\/\/jatlas.com.tr\/tr\/","name":"JATLAS","description":"","potentialAction":[{"@type":"SearchAction","target":{"@type":"EntryPoint","urlTemplate":"https:\/\/jatlas.com.tr\/tr\/?s={search_term_string}"},"query-input":"required name=search_term_string"}],"inLanguage":"tr"},{"@type":"ImageObject","@id":"https:\/\/jatlas.com.tr\/tr\/product\/cinko-elektrotlu-tel\/#primaryimage","inLanguage":"tr","url":"https:\/\/jatlas.com.tr\/wp-content\/uploads\/2021\/09\/Zinc-Electrode-Posited-Wire.png","contentUrl":"https:\/\/jatlas.com.tr\/wp-content\/uploads\/2021\/09\/Zinc-Electrode-Posited-Wire.png","width":700,"height":556},{"@type":"WebPage","@id":"https:\/\/jatlas.com.tr\/tr\/product\/cinko-elektrotlu-tel\/#webpage","url":"https:\/\/jatlas.com.tr\/tr\/product\/cinko-elektrotlu-tel\/","name":"\u00c7inko Elektrotlu Tel - JATLAS","isPartOf":{"@id":"https:\/\/jatlas.com.tr\/tr\/#website"},"primaryImageOfPage":{"@id":"https:\/\/jatlas.com.tr\/tr\/product\/cinko-elektrotlu-tel\/#primaryimage"},"datePublished":"2021-10-07T13:03:13+00:00","dateModified":"2021-10-07T13:05:49+00:00","breadcrumb":{"@id":"https:\/\/jatlas.com.tr\/tr\/product\/cinko-elektrotlu-tel\/#breadcrumb"},"inLanguage":"tr","potentialAction":[{"@type":"ReadAction","target":["https:\/\/jatlas.com.tr\/tr\/product\/cinko-elektrotlu-tel\/"]}]},{"@type":"BreadcrumbList","@id":"https:\/\/jatlas.com.tr\/tr\/product\/cinko-elektrotlu-tel\/#breadcrumb","itemListElement":[{"@type":"ListItem","position":1,"name":"Home","item":"https:\/\/jatlas.com.tr\/tr\/"},{"@type":"ListItem","position":2,"name":"product","item":"https:\/\/jatlas.com.tr\/tr\/product\/"},{"@type":"ListItem","position":3,"name":"\u00c7inko Elektrotlu Tel"}]}]}},"_links":{"self":[{"href":"https:\/\/jatlas.com.tr\/tr\/wp-json\/wp\/v2\/product\/856","targetHints":{"allow":["GET"]}}],"collection":[{"href":"https:\/\/jatlas.com.tr\/tr\/wp-json\/wp\/v2\/product"}],"about":[{"href":"https:\/\/jatlas.com.tr\/tr\/wp-json\/wp\/v2\/types\/product"}],"wp:featuredmedia":[{"embeddable":true,"href":"https:\/\/jatlas.com.tr\/tr\/wp-json\/wp\/v2\/media\/647"}],"wp:attachment":[{"href":"https:\/\/jatlas.com.tr\/tr\/wp-json\/wp\/v2\/media?parent=856"}],"curies":[{"name":"wp","href":"https:\/\/api.w.org\/{rel}","templated":true}]}}