{"id":857,"date":"2021-10-07T16:08:15","date_gmt":"2021-10-07T13:08:15","guid":{"rendered":"https:\/\/jatlas.com.tr\/product\/mekanik-yay-icin-celik-tel\/"},"modified":"2021-10-07T16:09:28","modified_gmt":"2021-10-07T13:09:28","slug":"mekanik-yay-icin-celik-tel","status":"publish","type":"product","link":"https:\/\/jatlas.com.tr\/tr\/product\/mekanik-yay-icin-celik-tel\/","title":{"rendered":"Mekanik Yay i\u00e7in \u00c7elik Tel"},"content":{"rendered":"\n<p>Bu yay malzemesi, korozyon ve \u0131s\u0131 direnci sunan so\u011fuk \u00e7ekilmi\u015f genel ama\u00e7l\u0131 bir teldir. M\u00fczik Teli \u2013 Yay malzemesi olarak m\u00fczik veya piyano teli en kaliteli so\u011fuk \u00e7ekilmi\u015f, y\u00fcksek karbonlu teldir. Y\u00fcksek mukavemet sa\u011flar ve iyi bir y\u00fczey kalitesi sunar.<\/p>\n","protected":false},"excerpt":{"rendered":"\n<p class=\"read-more-container\"><a class=\"button read-more\" href=\"https:\/\/jatlas.com.tr\/tr\/product\/mekanik-yay-icin-celik-tel\/\" title=\"\">Devam\u0131n\u0131 oku&#8230;<\/a><\/p>\n","protected":false},"featured_media":652,"template":"","class_list":["post-857","product","type-product","status-publish","has-post-thumbnail","hentry","infinite-scroll-item"],"yoast_head":"<!-- This site is optimized with the Yoast SEO Premium plugin v17.0 (Yoast SEO v17.0) - https:\/\/yoast.com\/wordpress\/plugins\/seo\/ -->\n<title>Mekanik Yay i\u00e7in \u00c7elik Tel - JATLAS<\/title>\n<meta name=\"robots\" content=\"index, follow, max-snippet:-1, max-image-preview:large, max-video-preview:-1\" \/>\n<link rel=\"canonical\" href=\"https:\/\/jatlas.com.tr\/tr\/product\/mekanik-yay-icin-celik-tel\/\" \/>\n<meta property=\"og:locale\" content=\"tr_TR\" \/>\n<meta property=\"og:type\" content=\"article\" \/>\n<meta property=\"og:title\" content=\"Mekanik Yay i\u00e7in \u00c7elik Tel\" \/>\n<meta property=\"og:description\" content=\"Devam\u0131n\u0131 oku...\" \/>\n<meta property=\"og:url\" content=\"https:\/\/jatlas.com.tr\/tr\/product\/mekanik-yay-icin-celik-tel\/\" \/>\n<meta property=\"og:site_name\" content=\"JATLAS\" \/>\n<meta property=\"article:modified_time\" content=\"2021-10-07T13:09:28+00:00\" \/>\n<meta property=\"og:image\" content=\"https:\/\/jatlas.com.tr\/wp-content\/uploads\/2021\/09\/Steel-Wire-for-Mechanical-Spring.png\" \/>\n\t<meta property=\"og:image:width\" content=\"700\" \/>\n\t<meta property=\"og:image:height\" content=\"467\" \/>\n<meta name=\"twitter:card\" content=\"summary_large_image\" \/>\n<meta name=\"twitter:label1\" content=\"Tahmini okuma s\u00fcresi\" \/>\n\t<meta name=\"twitter:data1\" content=\"1 dakika\" \/>\n<script type=\"application\/ld+json\" class=\"yoast-schema-graph\">{\"@context\":\"https:\/\/schema.org\",\"@graph\":[{\"@type\":\"WebSite\",\"@id\":\"https:\/\/jatlas.com.tr\/tr\/#website\",\"url\":\"https:\/\/jatlas.com.tr\/tr\/\",\"name\":\"JATLAS\",\"description\":\"\",\"potentialAction\":[{\"@type\":\"SearchAction\",\"target\":{\"@type\":\"EntryPoint\",\"urlTemplate\":\"https:\/\/jatlas.com.tr\/tr\/?s={search_term_string}\"},\"query-input\":\"required name=search_term_string\"}],\"inLanguage\":\"tr\"},{\"@type\":\"ImageObject\",\"@id\":\"https:\/\/jatlas.com.tr\/tr\/product\/mekanik-yay-icin-celik-tel\/#primaryimage\",\"inLanguage\":\"tr\",\"url\":\"https:\/\/jatlas.com.tr\/wp-content\/uploads\/2021\/09\/Steel-Wire-for-Mechanical-Spring.png\",\"contentUrl\":\"https:\/\/jatlas.com.tr\/wp-content\/uploads\/2021\/09\/Steel-Wire-for-Mechanical-Spring.png\",\"width\":700,\"height\":467},{\"@type\":\"WebPage\",\"@id\":\"https:\/\/jatlas.com.tr\/tr\/product\/mekanik-yay-icin-celik-tel\/#webpage\",\"url\":\"https:\/\/jatlas.com.tr\/tr\/product\/mekanik-yay-icin-celik-tel\/\",\"name\":\"Mekanik Yay i\\u00e7in \\u00c7elik Tel - JATLAS\",\"isPartOf\":{\"@id\":\"https:\/\/jatlas.com.tr\/tr\/#website\"},\"primaryImageOfPage\":{\"@id\":\"https:\/\/jatlas.com.tr\/tr\/product\/mekanik-yay-icin-celik-tel\/#primaryimage\"},\"datePublished\":\"2021-10-07T13:08:15+00:00\",\"dateModified\":\"2021-10-07T13:09:28+00:00\",\"breadcrumb\":{\"@id\":\"https:\/\/jatlas.com.tr\/tr\/product\/mekanik-yay-icin-celik-tel\/#breadcrumb\"},\"inLanguage\":\"tr\",\"potentialAction\":[{\"@type\":\"ReadAction\",\"target\":[\"https:\/\/jatlas.com.tr\/tr\/product\/mekanik-yay-icin-celik-tel\/\"]}]},{\"@type\":\"BreadcrumbList\",\"@id\":\"https:\/\/jatlas.com.tr\/tr\/product\/mekanik-yay-icin-celik-tel\/#breadcrumb\",\"itemListElement\":[{\"@type\":\"ListItem\",\"position\":1,\"name\":\"Home\",\"item\":\"https:\/\/jatlas.com.tr\/tr\/\"},{\"@type\":\"ListItem\",\"position\":2,\"name\":\"product\",\"item\":\"https:\/\/jatlas.com.tr\/tr\/product\/\"},{\"@type\":\"ListItem\",\"position\":3,\"name\":\"Mekanik Yay i\\u00e7in \\u00c7elik Tel\"}]}]}<\/script>\n<!-- \/ Yoast SEO Premium plugin. -->","yoast_head_json":{"title":"Mekanik Yay i\u00e7in \u00c7elik Tel - JATLAS","robots":{"index":"index","follow":"follow","max-snippet":"max-snippet:-1","max-image-preview":"max-image-preview:large","max-video-preview":"max-video-preview:-1"},"canonical":"https:\/\/jatlas.com.tr\/tr\/product\/mekanik-yay-icin-celik-tel\/","og_locale":"tr_TR","og_type":"article","og_title":"Mekanik Yay i\u00e7in \u00c7elik Tel","og_description":"Devam\u0131n\u0131 oku...","og_url":"https:\/\/jatlas.com.tr\/tr\/product\/mekanik-yay-icin-celik-tel\/","og_site_name":"JATLAS","article_modified_time":"2021-10-07T13:09:28+00:00","og_image":[{"width":700,"height":467,"url":"https:\/\/jatlas.com.tr\/wp-content\/uploads\/2021\/09\/Steel-Wire-for-Mechanical-Spring.png","path":"\/var\/www\/vhosts\/jatlas.com.tr\/httpdocs\/wp-content\/uploads\/2021\/09\/Steel-Wire-for-Mechanical-Spring.png","size":"full","id":652,"alt":"","pixels":326900,"type":"image\/png"}],"twitter_card":"summary_large_image","twitter_misc":{"Tahmini okuma s\u00fcresi":"1 dakika"},"schema":{"@context":"https:\/\/schema.org","@graph":[{"@type":"WebSite","@id":"https:\/\/jatlas.com.tr\/tr\/#website","url":"https:\/\/jatlas.com.tr\/tr\/","name":"JATLAS","description":"","potentialAction":[{"@type":"SearchAction","target":{"@type":"EntryPoint","urlTemplate":"https:\/\/jatlas.com.tr\/tr\/?s={search_term_string}"},"query-input":"required name=search_term_string"}],"inLanguage":"tr"},{"@type":"ImageObject","@id":"https:\/\/jatlas.com.tr\/tr\/product\/mekanik-yay-icin-celik-tel\/#primaryimage","inLanguage":"tr","url":"https:\/\/jatlas.com.tr\/wp-content\/uploads\/2021\/09\/Steel-Wire-for-Mechanical-Spring.png","contentUrl":"https:\/\/jatlas.com.tr\/wp-content\/uploads\/2021\/09\/Steel-Wire-for-Mechanical-Spring.png","width":700,"height":467},{"@type":"WebPage","@id":"https:\/\/jatlas.com.tr\/tr\/product\/mekanik-yay-icin-celik-tel\/#webpage","url":"https:\/\/jatlas.com.tr\/tr\/product\/mekanik-yay-icin-celik-tel\/","name":"Mekanik Yay i\u00e7in \u00c7elik Tel - JATLAS","isPartOf":{"@id":"https:\/\/jatlas.com.tr\/tr\/#website"},"primaryImageOfPage":{"@id":"https:\/\/jatlas.com.tr\/tr\/product\/mekanik-yay-icin-celik-tel\/#primaryimage"},"datePublished":"2021-10-07T13:08:15+00:00","dateModified":"2021-10-07T13:09:28+00:00","breadcrumb":{"@id":"https:\/\/jatlas.com.tr\/tr\/product\/mekanik-yay-icin-celik-tel\/#breadcrumb"},"inLanguage":"tr","potentialAction":[{"@type":"ReadAction","target":["https:\/\/jatlas.com.tr\/tr\/product\/mekanik-yay-icin-celik-tel\/"]}]},{"@type":"BreadcrumbList","@id":"https:\/\/jatlas.com.tr\/tr\/product\/mekanik-yay-icin-celik-tel\/#breadcrumb","itemListElement":[{"@type":"ListItem","position":1,"name":"Home","item":"https:\/\/jatlas.com.tr\/tr\/"},{"@type":"ListItem","position":2,"name":"product","item":"https:\/\/jatlas.com.tr\/tr\/product\/"},{"@type":"ListItem","position":3,"name":"Mekanik Yay i\u00e7in \u00c7elik Tel"}]}]}},"_links":{"self":[{"href":"https:\/\/jatlas.com.tr\/tr\/wp-json\/wp\/v2\/product\/857","targetHints":{"allow":["GET"]}}],"collection":[{"href":"https:\/\/jatlas.com.tr\/tr\/wp-json\/wp\/v2\/product"}],"about":[{"href":"https:\/\/jatlas.com.tr\/tr\/wp-json\/wp\/v2\/types\/product"}],"wp:featuredmedia":[{"embeddable":true,"href":"https:\/\/jatlas.com.tr\/tr\/wp-json\/wp\/v2\/media\/652"}],"wp:attachment":[{"href":"https:\/\/jatlas.com.tr\/tr\/wp-json\/wp\/v2\/media?parent=857"}],"curies":[{"name":"wp","href":"https:\/\/api.w.org\/{rel}","templated":true}]}}