{"id":858,"date":"2021-10-07T16:11:20","date_gmt":"2021-10-07T13:11:20","guid":{"rendered":"https:\/\/jatlas.com.tr\/product\/yuksek-karbonlu-galvanizli-celik-tel-acsr\/"},"modified":"2021-10-07T16:12:07","modified_gmt":"2021-10-07T13:12:07","slug":"yuksek-karbonlu-galvanizli-celik-tel-acsr","status":"publish","type":"product","link":"https:\/\/jatlas.com.tr\/tr\/product\/yuksek-karbonlu-galvanizli-celik-tel-acsr\/","title":{"rendered":"Y\u00fcksek Karbonlu Galvanizli \u00c7elik Tel \u2013 ACSR"},"content":{"rendered":"\n<p>Al\u00fcminyum iletken \u00e7elik takviyeli kablo (ACSR), tipik olarak havai elektrik hatlar\u0131nda kullan\u0131lan y\u00fcksek kapasiteli, y\u00fcksek mukavemetli \u00e7ok telli bir iletken t\u00fcr\u00fcd\u00fcr. D\u0131\u015f teller, iyi iletkenli\u011fi, d\u00fc\u015f\u00fck a\u011f\u0131rl\u0131\u011f\u0131, d\u00fc\u015f\u00fck maliyeti, korozyon direnci ve iyi mekanik stres direnci nedeniyle se\u00e7ilen y\u00fcksek safl\u0131kta al\u00fcminyumdur.<\/p>\n\n\n\n<p><\/p>\n","protected":false},"excerpt":{"rendered":"\n<p class=\"read-more-container\"><a class=\"button read-more\" href=\"https:\/\/jatlas.com.tr\/tr\/product\/yuksek-karbonlu-galvanizli-celik-tel-acsr\/\" title=\"\">Devam\u0131n\u0131 oku&#8230;<\/a><\/p>\n","protected":false},"featured_media":657,"template":"","class_list":["post-858","product","type-product","status-publish","has-post-thumbnail","hentry","infinite-scroll-item"],"yoast_head":"<!-- This site is optimized with the Yoast SEO Premium plugin v17.0 (Yoast SEO v17.0) - https:\/\/yoast.com\/wordpress\/plugins\/seo\/ -->\n<title>Y\u00fcksek Karbonlu Galvanizli \u00c7elik Tel \u2013 ACSR - JATLAS<\/title>\n<meta name=\"robots\" content=\"index, follow, max-snippet:-1, max-image-preview:large, max-video-preview:-1\" \/>\n<link rel=\"canonical\" href=\"https:\/\/jatlas.com.tr\/tr\/product\/yuksek-karbonlu-galvanizli-celik-tel-acsr\/\" \/>\n<meta property=\"og:locale\" content=\"tr_TR\" \/>\n<meta property=\"og:type\" content=\"article\" \/>\n<meta property=\"og:title\" content=\"Y\u00fcksek Karbonlu Galvanizli \u00c7elik Tel \u2013 ACSR\" \/>\n<meta property=\"og:description\" content=\"Devam\u0131n\u0131 oku...\" \/>\n<meta property=\"og:url\" content=\"https:\/\/jatlas.com.tr\/tr\/product\/yuksek-karbonlu-galvanizli-celik-tel-acsr\/\" \/>\n<meta property=\"og:site_name\" content=\"JATLAS\" \/>\n<meta property=\"article:modified_time\" content=\"2021-10-07T13:12:07+00:00\" \/>\n<meta property=\"og:image\" content=\"https:\/\/jatlas.com.tr\/wp-content\/uploads\/2021\/09\/High-Carbon-Galvanized-Steel-Wire-\u2013-ACSR.png\" \/>\n\t<meta property=\"og:image:width\" content=\"700\" \/>\n\t<meta property=\"og:image:height\" content=\"408\" \/>\n<meta name=\"twitter:card\" content=\"summary_large_image\" \/>\n<meta name=\"twitter:label1\" content=\"Tahmini okuma s\u00fcresi\" \/>\n\t<meta name=\"twitter:data1\" content=\"1 dakika\" \/>\n<script type=\"application\/ld+json\" class=\"yoast-schema-graph\">{\"@context\":\"https:\/\/schema.org\",\"@graph\":[{\"@type\":\"WebSite\",\"@id\":\"https:\/\/jatlas.com.tr\/tr\/#website\",\"url\":\"https:\/\/jatlas.com.tr\/tr\/\",\"name\":\"JATLAS\",\"description\":\"\",\"potentialAction\":[{\"@type\":\"SearchAction\",\"target\":{\"@type\":\"EntryPoint\",\"urlTemplate\":\"https:\/\/jatlas.com.tr\/tr\/?s={search_term_string}\"},\"query-input\":\"required name=search_term_string\"}],\"inLanguage\":\"tr\"},{\"@type\":\"ImageObject\",\"@id\":\"https:\/\/jatlas.com.tr\/tr\/product\/yuksek-karbonlu-galvanizli-celik-tel-acsr\/#primaryimage\",\"inLanguage\":\"tr\",\"url\":\"https:\/\/jatlas.com.tr\/wp-content\/uploads\/2021\/09\/High-Carbon-Galvanized-Steel-Wire-\\u2013-ACSR.png\",\"contentUrl\":\"https:\/\/jatlas.com.tr\/wp-content\/uploads\/2021\/09\/High-Carbon-Galvanized-Steel-Wire-\\u2013-ACSR.png\",\"width\":700,\"height\":408},{\"@type\":\"WebPage\",\"@id\":\"https:\/\/jatlas.com.tr\/tr\/product\/yuksek-karbonlu-galvanizli-celik-tel-acsr\/#webpage\",\"url\":\"https:\/\/jatlas.com.tr\/tr\/product\/yuksek-karbonlu-galvanizli-celik-tel-acsr\/\",\"name\":\"Y\\u00fcksek Karbonlu Galvanizli \\u00c7elik Tel \\u2013 ACSR - JATLAS\",\"isPartOf\":{\"@id\":\"https:\/\/jatlas.com.tr\/tr\/#website\"},\"primaryImageOfPage\":{\"@id\":\"https:\/\/jatlas.com.tr\/tr\/product\/yuksek-karbonlu-galvanizli-celik-tel-acsr\/#primaryimage\"},\"datePublished\":\"2021-10-07T13:11:20+00:00\",\"dateModified\":\"2021-10-07T13:12:07+00:00\",\"breadcrumb\":{\"@id\":\"https:\/\/jatlas.com.tr\/tr\/product\/yuksek-karbonlu-galvanizli-celik-tel-acsr\/#breadcrumb\"},\"inLanguage\":\"tr\",\"potentialAction\":[{\"@type\":\"ReadAction\",\"target\":[\"https:\/\/jatlas.com.tr\/tr\/product\/yuksek-karbonlu-galvanizli-celik-tel-acsr\/\"]}]},{\"@type\":\"BreadcrumbList\",\"@id\":\"https:\/\/jatlas.com.tr\/tr\/product\/yuksek-karbonlu-galvanizli-celik-tel-acsr\/#breadcrumb\",\"itemListElement\":[{\"@type\":\"ListItem\",\"position\":1,\"name\":\"Home\",\"item\":\"https:\/\/jatlas.com.tr\/tr\/\"},{\"@type\":\"ListItem\",\"position\":2,\"name\":\"product\",\"item\":\"https:\/\/jatlas.com.tr\/tr\/product\/\"},{\"@type\":\"ListItem\",\"position\":3,\"name\":\"Y\\u00fcksek Karbonlu Galvanizli \\u00c7elik Tel \\u2013 ACSR\"}]}]}<\/script>\n<!-- \/ Yoast SEO Premium plugin. -->","yoast_head_json":{"title":"Y\u00fcksek Karbonlu Galvanizli \u00c7elik Tel \u2013 ACSR - JATLAS","robots":{"index":"index","follow":"follow","max-snippet":"max-snippet:-1","max-image-preview":"max-image-preview:large","max-video-preview":"max-video-preview:-1"},"canonical":"https:\/\/jatlas.com.tr\/tr\/product\/yuksek-karbonlu-galvanizli-celik-tel-acsr\/","og_locale":"tr_TR","og_type":"article","og_title":"Y\u00fcksek Karbonlu Galvanizli \u00c7elik Tel \u2013 ACSR","og_description":"Devam\u0131n\u0131 oku...","og_url":"https:\/\/jatlas.com.tr\/tr\/product\/yuksek-karbonlu-galvanizli-celik-tel-acsr\/","og_site_name":"JATLAS","article_modified_time":"2021-10-07T13:12:07+00:00","og_image":[{"width":700,"height":408,"url":"https:\/\/jatlas.com.tr\/wp-content\/uploads\/2021\/09\/High-Carbon-Galvanized-Steel-Wire-\u2013-ACSR.png","path":"\/var\/www\/vhosts\/jatlas.com.tr\/httpdocs\/wp-content\/uploads\/2021\/09\/High-Carbon-Galvanized-Steel-Wire-\u2013-ACSR.png","size":"full","id":657,"alt":"","pixels":285600,"type":"image\/png"}],"twitter_card":"summary_large_image","twitter_misc":{"Tahmini okuma s\u00fcresi":"1 dakika"},"schema":{"@context":"https:\/\/schema.org","@graph":[{"@type":"WebSite","@id":"https:\/\/jatlas.com.tr\/tr\/#website","url":"https:\/\/jatlas.com.tr\/tr\/","name":"JATLAS","description":"","potentialAction":[{"@type":"SearchAction","target":{"@type":"EntryPoint","urlTemplate":"https:\/\/jatlas.com.tr\/tr\/?s={search_term_string}"},"query-input":"required name=search_term_string"}],"inLanguage":"tr"},{"@type":"ImageObject","@id":"https:\/\/jatlas.com.tr\/tr\/product\/yuksek-karbonlu-galvanizli-celik-tel-acsr\/#primaryimage","inLanguage":"tr","url":"https:\/\/jatlas.com.tr\/wp-content\/uploads\/2021\/09\/High-Carbon-Galvanized-Steel-Wire-\u2013-ACSR.png","contentUrl":"https:\/\/jatlas.com.tr\/wp-content\/uploads\/2021\/09\/High-Carbon-Galvanized-Steel-Wire-\u2013-ACSR.png","width":700,"height":408},{"@type":"WebPage","@id":"https:\/\/jatlas.com.tr\/tr\/product\/yuksek-karbonlu-galvanizli-celik-tel-acsr\/#webpage","url":"https:\/\/jatlas.com.tr\/tr\/product\/yuksek-karbonlu-galvanizli-celik-tel-acsr\/","name":"Y\u00fcksek Karbonlu Galvanizli \u00c7elik Tel \u2013 ACSR - JATLAS","isPartOf":{"@id":"https:\/\/jatlas.com.tr\/tr\/#website"},"primaryImageOfPage":{"@id":"https:\/\/jatlas.com.tr\/tr\/product\/yuksek-karbonlu-galvanizli-celik-tel-acsr\/#primaryimage"},"datePublished":"2021-10-07T13:11:20+00:00","dateModified":"2021-10-07T13:12:07+00:00","breadcrumb":{"@id":"https:\/\/jatlas.com.tr\/tr\/product\/yuksek-karbonlu-galvanizli-celik-tel-acsr\/#breadcrumb"},"inLanguage":"tr","potentialAction":[{"@type":"ReadAction","target":["https:\/\/jatlas.com.tr\/tr\/product\/yuksek-karbonlu-galvanizli-celik-tel-acsr\/"]}]},{"@type":"BreadcrumbList","@id":"https:\/\/jatlas.com.tr\/tr\/product\/yuksek-karbonlu-galvanizli-celik-tel-acsr\/#breadcrumb","itemListElement":[{"@type":"ListItem","position":1,"name":"Home","item":"https:\/\/jatlas.com.tr\/tr\/"},{"@type":"ListItem","position":2,"name":"product","item":"https:\/\/jatlas.com.tr\/tr\/product\/"},{"@type":"ListItem","position":3,"name":"Y\u00fcksek Karbonlu Galvanizli \u00c7elik Tel \u2013 ACSR"}]}]}},"_links":{"self":[{"href":"https:\/\/jatlas.com.tr\/tr\/wp-json\/wp\/v2\/product\/858","targetHints":{"allow":["GET"]}}],"collection":[{"href":"https:\/\/jatlas.com.tr\/tr\/wp-json\/wp\/v2\/product"}],"about":[{"href":"https:\/\/jatlas.com.tr\/tr\/wp-json\/wp\/v2\/types\/product"}],"wp:featuredmedia":[{"embeddable":true,"href":"https:\/\/jatlas.com.tr\/tr\/wp-json\/wp\/v2\/media\/657"}],"wp:attachment":[{"href":"https:\/\/jatlas.com.tr\/tr\/wp-json\/wp\/v2\/media?parent=858"}],"curies":[{"name":"wp","href":"https:\/\/api.w.org\/{rel}","templated":true}]}}