{"id":859,"date":"2021-10-07T16:14:09","date_gmt":"2021-10-07T13:14:09","guid":{"rendered":"https:\/\/jatlas.com.tr\/product\/beton-guclendirme-icin-celik-elyaf\/"},"modified":"2021-10-07T16:15:14","modified_gmt":"2021-10-07T13:15:14","slug":"beton-guclendirme-icin-celik-elyaf","status":"publish","type":"product","link":"https:\/\/jatlas.com.tr\/tr\/product\/beton-guclendirme-icin-celik-elyaf\/","title":{"rendered":"Beton G\u00fc\u00e7lendirme i\u00e7in \u00c7elik Elyaf"},"content":{"rendered":"\n<p>\u00c7elik elyaf takviyeli beton, matris boyunca rastgele da\u011f\u0131lm\u0131\u015f dikd\u00f6rtgen kesitli ayr\u0131 \u00e7elik liflere sahip hidrolik \u00e7imentolar, ince veya ince ve kaba agregalardan olu\u015fan d\u00f6k\u00fclebilir veya p\u00fcsk\u00fcrt\u00fclebilir bir kompozit malzemedir. \u00c7elik lifler, \u00e7ekme \u00e7atlamas\u0131na direnerek betonu g\u00fc\u00e7lendirir.<\/p>\n","protected":false},"excerpt":{"rendered":"\n<p class=\"read-more-container\"><a class=\"button read-more\" href=\"https:\/\/jatlas.com.tr\/tr\/product\/beton-guclendirme-icin-celik-elyaf\/\" title=\"\">Devam\u0131n\u0131 oku&#8230;<\/a><\/p>\n","protected":false},"featured_media":662,"template":"","class_list":["post-859","product","type-product","status-publish","has-post-thumbnail","hentry","infinite-scroll-item"],"yoast_head":"<!-- This site is optimized with the Yoast SEO Premium plugin v17.0 (Yoast SEO v17.0) - https:\/\/yoast.com\/wordpress\/plugins\/seo\/ -->\n<title>Beton G\u00fc\u00e7lendirme i\u00e7in \u00c7elik Elyaf - JATLAS<\/title>\n<meta name=\"robots\" content=\"index, follow, max-snippet:-1, max-image-preview:large, max-video-preview:-1\" \/>\n<link rel=\"canonical\" href=\"https:\/\/jatlas.com.tr\/tr\/product\/beton-guclendirme-icin-celik-elyaf\/\" \/>\n<meta property=\"og:locale\" content=\"tr_TR\" \/>\n<meta property=\"og:type\" content=\"article\" \/>\n<meta property=\"og:title\" content=\"Beton G\u00fc\u00e7lendirme i\u00e7in \u00c7elik Elyaf\" \/>\n<meta property=\"og:description\" content=\"Devam\u0131n\u0131 oku...\" \/>\n<meta property=\"og:url\" content=\"https:\/\/jatlas.com.tr\/tr\/product\/beton-guclendirme-icin-celik-elyaf\/\" \/>\n<meta property=\"og:site_name\" content=\"JATLAS\" \/>\n<meta property=\"article:modified_time\" content=\"2021-10-07T13:15:14+00:00\" \/>\n<meta property=\"og:image\" content=\"https:\/\/jatlas.com.tr\/wp-content\/uploads\/2021\/09\/Steel-Fiber-for-Concrete-Reinforcement.png\" \/>\n\t<meta property=\"og:image:width\" content=\"700\" \/>\n\t<meta property=\"og:image:height\" content=\"467\" \/>\n<meta name=\"twitter:card\" content=\"summary_large_image\" \/>\n<meta name=\"twitter:label1\" content=\"Tahmini okuma s\u00fcresi\" \/>\n\t<meta name=\"twitter:data1\" content=\"1 dakika\" \/>\n<script type=\"application\/ld+json\" class=\"yoast-schema-graph\">{\"@context\":\"https:\/\/schema.org\",\"@graph\":[{\"@type\":\"WebSite\",\"@id\":\"https:\/\/jatlas.com.tr\/tr\/#website\",\"url\":\"https:\/\/jatlas.com.tr\/tr\/\",\"name\":\"JATLAS\",\"description\":\"\",\"potentialAction\":[{\"@type\":\"SearchAction\",\"target\":{\"@type\":\"EntryPoint\",\"urlTemplate\":\"https:\/\/jatlas.com.tr\/tr\/?s={search_term_string}\"},\"query-input\":\"required name=search_term_string\"}],\"inLanguage\":\"tr\"},{\"@type\":\"ImageObject\",\"@id\":\"https:\/\/jatlas.com.tr\/tr\/product\/beton-guclendirme-icin-celik-elyaf\/#primaryimage\",\"inLanguage\":\"tr\",\"url\":\"https:\/\/jatlas.com.tr\/wp-content\/uploads\/2021\/09\/Steel-Fiber-for-Concrete-Reinforcement.png\",\"contentUrl\":\"https:\/\/jatlas.com.tr\/wp-content\/uploads\/2021\/09\/Steel-Fiber-for-Concrete-Reinforcement.png\",\"width\":700,\"height\":467},{\"@type\":\"WebPage\",\"@id\":\"https:\/\/jatlas.com.tr\/tr\/product\/beton-guclendirme-icin-celik-elyaf\/#webpage\",\"url\":\"https:\/\/jatlas.com.tr\/tr\/product\/beton-guclendirme-icin-celik-elyaf\/\",\"name\":\"Beton G\\u00fc\\u00e7lendirme i\\u00e7in \\u00c7elik Elyaf - JATLAS\",\"isPartOf\":{\"@id\":\"https:\/\/jatlas.com.tr\/tr\/#website\"},\"primaryImageOfPage\":{\"@id\":\"https:\/\/jatlas.com.tr\/tr\/product\/beton-guclendirme-icin-celik-elyaf\/#primaryimage\"},\"datePublished\":\"2021-10-07T13:14:09+00:00\",\"dateModified\":\"2021-10-07T13:15:14+00:00\",\"breadcrumb\":{\"@id\":\"https:\/\/jatlas.com.tr\/tr\/product\/beton-guclendirme-icin-celik-elyaf\/#breadcrumb\"},\"inLanguage\":\"tr\",\"potentialAction\":[{\"@type\":\"ReadAction\",\"target\":[\"https:\/\/jatlas.com.tr\/tr\/product\/beton-guclendirme-icin-celik-elyaf\/\"]}]},{\"@type\":\"BreadcrumbList\",\"@id\":\"https:\/\/jatlas.com.tr\/tr\/product\/beton-guclendirme-icin-celik-elyaf\/#breadcrumb\",\"itemListElement\":[{\"@type\":\"ListItem\",\"position\":1,\"name\":\"Home\",\"item\":\"https:\/\/jatlas.com.tr\/tr\/\"},{\"@type\":\"ListItem\",\"position\":2,\"name\":\"product\",\"item\":\"https:\/\/jatlas.com.tr\/tr\/product\/\"},{\"@type\":\"ListItem\",\"position\":3,\"name\":\"Beton G\\u00fc\\u00e7lendirme i\\u00e7in \\u00c7elik Elyaf\"}]}]}<\/script>\n<!-- \/ Yoast SEO Premium plugin. -->","yoast_head_json":{"title":"Beton G\u00fc\u00e7lendirme i\u00e7in \u00c7elik Elyaf - JATLAS","robots":{"index":"index","follow":"follow","max-snippet":"max-snippet:-1","max-image-preview":"max-image-preview:large","max-video-preview":"max-video-preview:-1"},"canonical":"https:\/\/jatlas.com.tr\/tr\/product\/beton-guclendirme-icin-celik-elyaf\/","og_locale":"tr_TR","og_type":"article","og_title":"Beton G\u00fc\u00e7lendirme i\u00e7in \u00c7elik Elyaf","og_description":"Devam\u0131n\u0131 oku...","og_url":"https:\/\/jatlas.com.tr\/tr\/product\/beton-guclendirme-icin-celik-elyaf\/","og_site_name":"JATLAS","article_modified_time":"2021-10-07T13:15:14+00:00","og_image":[{"width":700,"height":467,"url":"https:\/\/jatlas.com.tr\/wp-content\/uploads\/2021\/09\/Steel-Fiber-for-Concrete-Reinforcement.png","path":"\/var\/www\/vhosts\/jatlas.com.tr\/httpdocs\/wp-content\/uploads\/2021\/09\/Steel-Fiber-for-Concrete-Reinforcement.png","size":"full","id":662,"alt":"","pixels":326900,"type":"image\/png"}],"twitter_card":"summary_large_image","twitter_misc":{"Tahmini okuma s\u00fcresi":"1 dakika"},"schema":{"@context":"https:\/\/schema.org","@graph":[{"@type":"WebSite","@id":"https:\/\/jatlas.com.tr\/tr\/#website","url":"https:\/\/jatlas.com.tr\/tr\/","name":"JATLAS","description":"","potentialAction":[{"@type":"SearchAction","target":{"@type":"EntryPoint","urlTemplate":"https:\/\/jatlas.com.tr\/tr\/?s={search_term_string}"},"query-input":"required name=search_term_string"}],"inLanguage":"tr"},{"@type":"ImageObject","@id":"https:\/\/jatlas.com.tr\/tr\/product\/beton-guclendirme-icin-celik-elyaf\/#primaryimage","inLanguage":"tr","url":"https:\/\/jatlas.com.tr\/wp-content\/uploads\/2021\/09\/Steel-Fiber-for-Concrete-Reinforcement.png","contentUrl":"https:\/\/jatlas.com.tr\/wp-content\/uploads\/2021\/09\/Steel-Fiber-for-Concrete-Reinforcement.png","width":700,"height":467},{"@type":"WebPage","@id":"https:\/\/jatlas.com.tr\/tr\/product\/beton-guclendirme-icin-celik-elyaf\/#webpage","url":"https:\/\/jatlas.com.tr\/tr\/product\/beton-guclendirme-icin-celik-elyaf\/","name":"Beton G\u00fc\u00e7lendirme i\u00e7in \u00c7elik Elyaf - JATLAS","isPartOf":{"@id":"https:\/\/jatlas.com.tr\/tr\/#website"},"primaryImageOfPage":{"@id":"https:\/\/jatlas.com.tr\/tr\/product\/beton-guclendirme-icin-celik-elyaf\/#primaryimage"},"datePublished":"2021-10-07T13:14:09+00:00","dateModified":"2021-10-07T13:15:14+00:00","breadcrumb":{"@id":"https:\/\/jatlas.com.tr\/tr\/product\/beton-guclendirme-icin-celik-elyaf\/#breadcrumb"},"inLanguage":"tr","potentialAction":[{"@type":"ReadAction","target":["https:\/\/jatlas.com.tr\/tr\/product\/beton-guclendirme-icin-celik-elyaf\/"]}]},{"@type":"BreadcrumbList","@id":"https:\/\/jatlas.com.tr\/tr\/product\/beton-guclendirme-icin-celik-elyaf\/#breadcrumb","itemListElement":[{"@type":"ListItem","position":1,"name":"Home","item":"https:\/\/jatlas.com.tr\/tr\/"},{"@type":"ListItem","position":2,"name":"product","item":"https:\/\/jatlas.com.tr\/tr\/product\/"},{"@type":"ListItem","position":3,"name":"Beton G\u00fc\u00e7lendirme i\u00e7in \u00c7elik Elyaf"}]}]}},"_links":{"self":[{"href":"https:\/\/jatlas.com.tr\/tr\/wp-json\/wp\/v2\/product\/859","targetHints":{"allow":["GET"]}}],"collection":[{"href":"https:\/\/jatlas.com.tr\/tr\/wp-json\/wp\/v2\/product"}],"about":[{"href":"https:\/\/jatlas.com.tr\/tr\/wp-json\/wp\/v2\/types\/product"}],"wp:featuredmedia":[{"embeddable":true,"href":"https:\/\/jatlas.com.tr\/tr\/wp-json\/wp\/v2\/media\/662"}],"wp:attachment":[{"href":"https:\/\/jatlas.com.tr\/tr\/wp-json\/wp\/v2\/media?parent=859"}],"curies":[{"name":"wp","href":"https:\/\/api.w.org\/{rel}","templated":true}]}}