{"id":860,"date":"2021-10-08T09:47:29","date_gmt":"2021-10-08T06:47:29","guid":{"rendered":"https:\/\/jatlas.com.tr\/product\/tespih-sicimi\/"},"modified":"2021-10-08T09:48:58","modified_gmt":"2021-10-08T06:48:58","slug":"tespih-sicimi","status":"publish","type":"product","link":"https:\/\/jatlas.com.tr\/tr\/product\/tespih-sicimi\/","title":{"rendered":"Tespih sicimi"},"content":{"rendered":"\n<p>Kordon teli, ara\u00e7 y\u00fck\u00fcn\u00fcn janttan lasti\u011fe aktar\u0131ld\u0131\u011f\u0131 ve s\u00fcr\u00fc\u015f s\u0131ras\u0131nda titre\u015fimi \u00f6nleyen en \u00f6nemli ba\u011flant\u0131d\u0131r. Lastiklerin g\u00fcvenli\u011fini, g\u00fcc\u00fcn\u00fc ve dayan\u0131kl\u0131l\u0131\u011f\u0131n\u0131 \u00f6nemli \u00f6l\u00e7\u00fcde etkiler. Boncuk tel, y\u00fcksek karbon i\u00e7eri\u011fine sahip kaliteli filma\u015finlerden \u00fcretilen \u00e7ekilmi\u015f bir \u00e7elik teldir.<\/p>\n","protected":false},"excerpt":{"rendered":"\n<p class=\"read-more-container\"><a class=\"button read-more\" href=\"https:\/\/jatlas.com.tr\/tr\/product\/tespih-sicimi\/\" title=\"\">Devam\u0131n\u0131 oku&#8230;<\/a><\/p>\n","protected":false},"featured_media":667,"template":"","class_list":["post-860","product","type-product","status-publish","has-post-thumbnail","hentry","infinite-scroll-item"],"yoast_head":"<!-- This site is optimized with the Yoast SEO Premium plugin v17.0 (Yoast SEO v17.0) - https:\/\/yoast.com\/wordpress\/plugins\/seo\/ -->\n<title>Tespih sicimi - JATLAS<\/title>\n<meta name=\"robots\" content=\"index, follow, max-snippet:-1, max-image-preview:large, max-video-preview:-1\" \/>\n<link rel=\"canonical\" href=\"https:\/\/jatlas.com.tr\/tr\/product\/tespih-sicimi\/\" \/>\n<meta property=\"og:locale\" content=\"tr_TR\" \/>\n<meta property=\"og:type\" content=\"article\" \/>\n<meta property=\"og:title\" content=\"Tespih sicimi\" \/>\n<meta property=\"og:description\" content=\"Devam\u0131n\u0131 oku...\" \/>\n<meta property=\"og:url\" content=\"https:\/\/jatlas.com.tr\/tr\/product\/tespih-sicimi\/\" \/>\n<meta property=\"og:site_name\" content=\"JATLAS\" \/>\n<meta property=\"article:modified_time\" content=\"2021-10-08T06:48:58+00:00\" \/>\n<meta property=\"og:image\" content=\"https:\/\/jatlas.com.tr\/wp-content\/uploads\/2021\/09\/Bead-Wire.png\" \/>\n\t<meta property=\"og:image:width\" content=\"700\" \/>\n\t<meta property=\"og:image:height\" content=\"467\" \/>\n<meta name=\"twitter:card\" content=\"summary_large_image\" \/>\n<meta name=\"twitter:label1\" content=\"Tahmini okuma s\u00fcresi\" \/>\n\t<meta name=\"twitter:data1\" content=\"1 dakika\" \/>\n<script type=\"application\/ld+json\" class=\"yoast-schema-graph\">{\"@context\":\"https:\/\/schema.org\",\"@graph\":[{\"@type\":\"WebSite\",\"@id\":\"https:\/\/jatlas.com.tr\/tr\/#website\",\"url\":\"https:\/\/jatlas.com.tr\/tr\/\",\"name\":\"JATLAS\",\"description\":\"\",\"potentialAction\":[{\"@type\":\"SearchAction\",\"target\":{\"@type\":\"EntryPoint\",\"urlTemplate\":\"https:\/\/jatlas.com.tr\/tr\/?s={search_term_string}\"},\"query-input\":\"required name=search_term_string\"}],\"inLanguage\":\"tr\"},{\"@type\":\"ImageObject\",\"@id\":\"https:\/\/jatlas.com.tr\/tr\/product\/tespih-sicimi\/#primaryimage\",\"inLanguage\":\"tr\",\"url\":\"https:\/\/jatlas.com.tr\/wp-content\/uploads\/2021\/09\/Bead-Wire.png\",\"contentUrl\":\"https:\/\/jatlas.com.tr\/wp-content\/uploads\/2021\/09\/Bead-Wire.png\",\"width\":700,\"height\":467},{\"@type\":\"WebPage\",\"@id\":\"https:\/\/jatlas.com.tr\/tr\/product\/tespih-sicimi\/#webpage\",\"url\":\"https:\/\/jatlas.com.tr\/tr\/product\/tespih-sicimi\/\",\"name\":\"Tespih sicimi - JATLAS\",\"isPartOf\":{\"@id\":\"https:\/\/jatlas.com.tr\/tr\/#website\"},\"primaryImageOfPage\":{\"@id\":\"https:\/\/jatlas.com.tr\/tr\/product\/tespih-sicimi\/#primaryimage\"},\"datePublished\":\"2021-10-08T06:47:29+00:00\",\"dateModified\":\"2021-10-08T06:48:58+00:00\",\"breadcrumb\":{\"@id\":\"https:\/\/jatlas.com.tr\/tr\/product\/tespih-sicimi\/#breadcrumb\"},\"inLanguage\":\"tr\",\"potentialAction\":[{\"@type\":\"ReadAction\",\"target\":[\"https:\/\/jatlas.com.tr\/tr\/product\/tespih-sicimi\/\"]}]},{\"@type\":\"BreadcrumbList\",\"@id\":\"https:\/\/jatlas.com.tr\/tr\/product\/tespih-sicimi\/#breadcrumb\",\"itemListElement\":[{\"@type\":\"ListItem\",\"position\":1,\"name\":\"Home\",\"item\":\"https:\/\/jatlas.com.tr\/tr\/\"},{\"@type\":\"ListItem\",\"position\":2,\"name\":\"product\",\"item\":\"https:\/\/jatlas.com.tr\/tr\/product\/\"},{\"@type\":\"ListItem\",\"position\":3,\"name\":\"Tespih sicimi\"}]}]}<\/script>\n<!-- \/ Yoast SEO Premium plugin. -->","yoast_head_json":{"title":"Tespih sicimi - JATLAS","robots":{"index":"index","follow":"follow","max-snippet":"max-snippet:-1","max-image-preview":"max-image-preview:large","max-video-preview":"max-video-preview:-1"},"canonical":"https:\/\/jatlas.com.tr\/tr\/product\/tespih-sicimi\/","og_locale":"tr_TR","og_type":"article","og_title":"Tespih sicimi","og_description":"Devam\u0131n\u0131 oku...","og_url":"https:\/\/jatlas.com.tr\/tr\/product\/tespih-sicimi\/","og_site_name":"JATLAS","article_modified_time":"2021-10-08T06:48:58+00:00","og_image":[{"width":700,"height":467,"url":"https:\/\/jatlas.com.tr\/wp-content\/uploads\/2021\/09\/Bead-Wire.png","path":"\/var\/www\/vhosts\/jatlas.com.tr\/httpdocs\/wp-content\/uploads\/2021\/09\/Bead-Wire.png","size":"full","id":667,"alt":"","pixels":326900,"type":"image\/png"}],"twitter_card":"summary_large_image","twitter_misc":{"Tahmini okuma s\u00fcresi":"1 dakika"},"schema":{"@context":"https:\/\/schema.org","@graph":[{"@type":"WebSite","@id":"https:\/\/jatlas.com.tr\/tr\/#website","url":"https:\/\/jatlas.com.tr\/tr\/","name":"JATLAS","description":"","potentialAction":[{"@type":"SearchAction","target":{"@type":"EntryPoint","urlTemplate":"https:\/\/jatlas.com.tr\/tr\/?s={search_term_string}"},"query-input":"required name=search_term_string"}],"inLanguage":"tr"},{"@type":"ImageObject","@id":"https:\/\/jatlas.com.tr\/tr\/product\/tespih-sicimi\/#primaryimage","inLanguage":"tr","url":"https:\/\/jatlas.com.tr\/wp-content\/uploads\/2021\/09\/Bead-Wire.png","contentUrl":"https:\/\/jatlas.com.tr\/wp-content\/uploads\/2021\/09\/Bead-Wire.png","width":700,"height":467},{"@type":"WebPage","@id":"https:\/\/jatlas.com.tr\/tr\/product\/tespih-sicimi\/#webpage","url":"https:\/\/jatlas.com.tr\/tr\/product\/tespih-sicimi\/","name":"Tespih sicimi - JATLAS","isPartOf":{"@id":"https:\/\/jatlas.com.tr\/tr\/#website"},"primaryImageOfPage":{"@id":"https:\/\/jatlas.com.tr\/tr\/product\/tespih-sicimi\/#primaryimage"},"datePublished":"2021-10-08T06:47:29+00:00","dateModified":"2021-10-08T06:48:58+00:00","breadcrumb":{"@id":"https:\/\/jatlas.com.tr\/tr\/product\/tespih-sicimi\/#breadcrumb"},"inLanguage":"tr","potentialAction":[{"@type":"ReadAction","target":["https:\/\/jatlas.com.tr\/tr\/product\/tespih-sicimi\/"]}]},{"@type":"BreadcrumbList","@id":"https:\/\/jatlas.com.tr\/tr\/product\/tespih-sicimi\/#breadcrumb","itemListElement":[{"@type":"ListItem","position":1,"name":"Home","item":"https:\/\/jatlas.com.tr\/tr\/"},{"@type":"ListItem","position":2,"name":"product","item":"https:\/\/jatlas.com.tr\/tr\/product\/"},{"@type":"ListItem","position":3,"name":"Tespih sicimi"}]}]}},"_links":{"self":[{"href":"https:\/\/jatlas.com.tr\/tr\/wp-json\/wp\/v2\/product\/860","targetHints":{"allow":["GET"]}}],"collection":[{"href":"https:\/\/jatlas.com.tr\/tr\/wp-json\/wp\/v2\/product"}],"about":[{"href":"https:\/\/jatlas.com.tr\/tr\/wp-json\/wp\/v2\/types\/product"}],"wp:featuredmedia":[{"embeddable":true,"href":"https:\/\/jatlas.com.tr\/tr\/wp-json\/wp\/v2\/media\/667"}],"wp:attachment":[{"href":"https:\/\/jatlas.com.tr\/tr\/wp-json\/wp\/v2\/media?parent=860"}],"curies":[{"name":"wp","href":"https:\/\/api.w.org\/{rel}","templated":true}]}}